{"id":153,"date":"2021-01-26T10:46:53","date_gmt":"2021-01-26T09:46:53","guid":{"rendered":"https:\/\/smartdata.tonytemplates.com\/driving-school\/?page_id=153"},"modified":"2022-03-29T15:54:56","modified_gmt":"2022-03-29T13:54:56","slug":"formations","status":"publish","type":"page","link":"http:\/\/proxygen-informatique.fr\/chezlaurette\/formations\/","title":{"rendered":"Nos Formations"},"content":{"rendered":"\t\t<div data-elementor-type=\"wp-page\" data-elementor-id=\"153\" class=\"elementor elementor-153\">\n\t\t\t\t\t\t<div class=\"elementor-inner\">\n\t\t\t\t<div class=\"elementor-section-wrap\">\n\t\t\t\t\t\t\t\t\t<section class=\"elementor-section elementor-top-section elementor-element elementor-element-b62a389 elementor-section-stretched elementor-section-full_width elementor-section-height-default elementor-section-height-default\" data-id=\"b62a389\" data-element_type=\"section\" data-settings=\"{&quot;stretch_section&quot;:&quot;section-stretched&quot;}\">\n\t\t\t\t\t\t<div class=\"elementor-container elementor-column-gap-no\">\n\t\t\t\t\t\t\t<div class=\"elementor-row\">\n\t\t\t\t\t<div class=\"elementor-column elementor-col-100 elementor-top-column elementor-element elementor-element-fc3e44f\" data-id=\"fc3e44f\" data-element_type=\"column\">\n\t\t\t<div class=\"elementor-column-wrap elementor-element-populated\">\n\t\t\t\t\t\t\t<div class=\"elementor-widget-wrap\">\n\t\t\t\t\t\t<div class=\"elementor-element elementor-element-be6d6c3 elementor-widget elementor-widget-driving_schools_programs\" data-id=\"be6d6c3\" data-element_type=\"widget\" data-widget_type=\"driving_schools_programs.default\">\n\t\t\t\t<div class=\"elementor-widget-container\">\n\t\t\t\t\t<div class=\"tt-extra-layout\">\n\t\t\t<div class=\"container\">\n\t\t\t\t<div class=\"row\">\n\t\t\t\t\t<h3 class=\"tt-title-lg text-center content_typography\">Nos Formations<\/h3>\n\t\t\t\t\t\t\t<div class=\"text-center text-md max-width75\">\n\t\t\tD\u00e9couvrez et trouvez la formation qui vous convient    \n\t\t\t\t\t<\/div>\n\t\t\t\t\t\t\t\t<div class=\"tt-carusel slick-arrow-02 tt-carusel-top\" data-slick='{\"mobile_first\":\"true\",\"slides_to_show\":3,\"slides_to_scroll\":2,\"pause_on_hover\":\"true\",\"autoplay\":\"true\",\"autoplay_speed\":\"3200\",\"dots\":\"true\",\"arrows\":\"true\"}'>\n\t\t\t\t\t\t\t\t\t\t<div class=\"item\">\n\t\t\t\t\t\t\t\t\t<a href=\"http:\/\/proxygen-informatique.fr\/chezlaurette\/program\/program-for-seniors-3\/\" class=\"tt-box-subjects\">\n\t\t\t\t\t\t\t\t\t\t<div class=\"img\">\n\t\t\t\t<img width=\"800\" height=\"450\" src=\"http:\/\/proxygen-informatique.fr\/chezlaurette\/wp-content\/uploads\/2021\/01\/codedelaroute.jpg\" class=\"attachment-dricub-dricub-driving-schools-programs-thumbnail size-dricub-dricub-driving-schools-programs-thumbnail wp-post-image\" alt=\"\" decoding=\"async\" loading=\"lazy\" \/>\t\t\t\t\t\t\t\t\t\t<\/div>\n\t\t\t\t\t\t\t\t\t\t<div class=\"tt-nomber\">\n\t\t\t\t\t\t\t\t\t\t\t<span class=\"tt-fon\"><span><\/span><\/span>\n\t\t\t\t\t\t\t\t\t\t\t<div class=\"tt-text\">1<\/div>\n\t\t\t\t\t\t\t\t\t\t<\/div>\n\t\t\t\t\t\t\t\t\t\t<div class=\"description\">\n\t\t\t\t\t\t\t\t\t\t\t<h6>Code de la route<\/h6>\n\t\t\t\t\t\t\t\t\t\t\t\t\t\t\t<span class=\"btn\">Details<\/span>\n\t\t\t\t\t\t\t\t\t\t\t\t\t\t<\/div>\n\t\t\t\t\t\t\t\t\t<\/a>\n\t\t\t\t\t\t\t\t<\/div>\n\n\t\t\t\t\t\t\t\t\t\t\t\t<div class=\"item\">\n\t\t\t\t\t\t\t\t\t<a href=\"http:\/\/proxygen-informatique.fr\/chezlaurette\/program\/adult-car-lessons\/\" class=\"tt-box-subjects\">\n\t\t\t\t\t\t\t\t\t\t<div class=\"img\">\n\t\t\t\t<img width=\"478\" height=\"262\" src=\"http:\/\/proxygen-informatique.fr\/chezlaurette\/wp-content\/uploads\/2017\/10\/box-subjects-img-02-1.png\" class=\"attachment-dricub-dricub-driving-schools-programs-thumbnail size-dricub-dricub-driving-schools-programs-thumbnail wp-post-image\" alt=\"\" decoding=\"async\" loading=\"lazy\" \/>\t\t\t\t\t\t\t\t\t\t<\/div>\n\t\t\t\t\t\t\t\t\t\t<div class=\"tt-nomber\">\n\t\t\t\t\t\t\t\t\t\t\t<span class=\"tt-fon\"><span><\/span><\/span>\n\t\t\t\t\t\t\t\t\t\t\t<div class=\"tt-text\">2<\/div>\n\t\t\t\t\t\t\t\t\t\t<\/div>\n\t\t\t\t\t\t\t\t\t\t<div class=\"description\">\n\t\t\t\t\t\t\t\t\t\t\t<h6>Formation Permis B<\/h6>\n\t\t\t\t\t\t\t\t\t\t\t\t\t\t\t<span class=\"btn\">Details<\/span>\n\t\t\t\t\t\t\t\t\t\t\t\t\t\t<\/div>\n\t\t\t\t\t\t\t\t\t<\/a>\n\t\t\t\t\t\t\t\t<\/div>\n\n\t\t\t\t\t\t\t\t\t\t\t\t<div class=\"item\">\n\t\t\t\t\t\t\t\t\t<a href=\"http:\/\/proxygen-informatique.fr\/chezlaurette\/program\/winter-driving\/\" class=\"tt-box-subjects\">\n\t\t\t\t\t\t\t\t\t\t<div class=\"img\">\n\t\t\t\t<img width=\"980\" height=\"551\" src=\"http:\/\/proxygen-informatique.fr\/chezlaurette\/wp-content\/uploads\/2021\/01\/ampute-automobile.jpg\" class=\"attachment-dricub-dricub-driving-schools-programs-thumbnail size-dricub-dricub-driving-schools-programs-thumbnail wp-post-image\" alt=\"\" decoding=\"async\" loading=\"lazy\" \/>\t\t\t\t\t\t\t\t\t\t<\/div>\n\t\t\t\t\t\t\t\t\t\t<div class=\"tt-nomber\">\n\t\t\t\t\t\t\t\t\t\t\t<span class=\"tt-fon\"><span><\/span><\/span>\n\t\t\t\t\t\t\t\t\t\t\t<div class=\"tt-text\">3<\/div>\n\t\t\t\t\t\t\t\t\t\t<\/div>\n\t\t\t\t\t\t\t\t\t\t<div class=\"description\">\n\t\t\t\t\t\t\t\t\t\t\t<h6>V\u00e9hicule am\u00e9nag\u00e9<\/h6>\n\t\t\t\t\t\t\t\t\t\t\t\t\t\t\t<span class=\"btn\">Details<\/span>\n\t\t\t\t\t\t\t\t\t\t\t\t\t\t<\/div>\n\t\t\t\t\t\t\t\t\t<\/a>\n\t\t\t\t\t\t\t\t<\/div>\n\n\t\t\t\t\t\t\t\t\t\t\t\t<div class=\"item\">\n\t\t\t\t\t\t\t\t\t<a href=\"http:\/\/proxygen-informatique.fr\/chezlaurette\/program\/conduite-accompagnee\/\" class=\"tt-box-subjects\">\n\t\t\t\t\t\t\t\t\t\t<div class=\"img\">\n\t\t\t\t<img width=\"478\" height=\"262\" src=\"http:\/\/proxygen-informatique.fr\/chezlaurette\/wp-content\/uploads\/2017\/10\/box-subjects-img-01-1.png\" class=\"attachment-dricub-dricub-driving-schools-programs-thumbnail size-dricub-dricub-driving-schools-programs-thumbnail wp-post-image\" alt=\"\" decoding=\"async\" loading=\"lazy\" \/>\t\t\t\t\t\t\t\t\t\t<\/div>\n\t\t\t\t\t\t\t\t\t\t<div class=\"tt-nomber\">\n\t\t\t\t\t\t\t\t\t\t\t<span class=\"tt-fon\"><span><\/span><\/span>\n\t\t\t\t\t\t\t\t\t\t\t<div class=\"tt-text\">4<\/div>\n\t\t\t\t\t\t\t\t\t\t<\/div>\n\t\t\t\t\t\t\t\t\t\t<div class=\"description\">\n\t\t\t\t\t\t\t\t\t\t\t<h6>Conduite accompagn\u00e9e<\/h6>\n\t\t\t\t\t\t\t\t\t\t\t\t\t\t\t<span class=\"btn\">Details<\/span>\n\t\t\t\t\t\t\t\t\t\t\t\t\t\t<\/div>\n\t\t\t\t\t\t\t\t\t<\/a>\n\t\t\t\t\t\t\t\t<\/div>\n\n\t\t\t\t\t\t\t\t\t<\/div>\n\t\t\t\t<\/div>\n\t\t\t<\/div>\n\t\t<\/div>\n\t\t\t\t<\/div>\n\t\t\t\t<\/div>\n\t\t\t\t\t\t<\/div>\n\t\t\t\t\t<\/div>\n\t\t<\/div>\n\t\t\t\t\t\t\t\t<\/div>\n\t\t\t\t\t<\/div>\n\t\t<\/section>\n\t\t\t\t<section class=\"elementor-section elementor-top-section elementor-element elementor-element-fe08284 elementor-section-stretched elementor-section-full_width container-indent elementor-section-height-default elementor-section-height-default\" data-id=\"fe08284\" data-element_type=\"section\" data-settings=\"{&quot;stretch_section&quot;:&quot;section-stretched&quot;}\">\n\t\t\t\t\t\t<div class=\"elementor-container elementor-column-gap-no\">\n\t\t\t\t\t\t\t<div class=\"elementor-row\">\n\t\t\t\t\t<div class=\"elementor-column elementor-col-100 elementor-top-column elementor-element elementor-element-01fe2c3\" data-id=\"01fe2c3\" data-element_type=\"column\">\n\t\t\t<div class=\"elementor-column-wrap elementor-element-populated\">\n\t\t\t\t\t\t\t<div class=\"elementor-widget-wrap\">\n\t\t\t\t\t\t<div class=\"elementor-element elementor-element-c87e701 elementor-widget elementor-widget-box_parallax\" data-id=\"c87e701\" data-element_type=\"widget\" data-widget_type=\"box_parallax.default\">\n\t\t\t\t<div class=\"elementor-widget-container\">\n\t\t\t\t\t<div class=\"box-parallax-02\">\n\t\t\t<img decoding=\"async\" src=\"http:\/\/proxygen-informatique.fr\/chezlaurette\/wp-content\/uploads\/2017\/10\/parallax-img-03.jpg\" class=\"img-parallax\" data-parallax='{\"y\": -100}' alt=\"\">\n\t\t\t<div class=\"container-fluid\">\n\t\t\t\t<div class=\"row\">\n\t\t\t\t\t<div class=\"description\">\n\t\t\t\t\t\t<h3 class=\"tt-title-md content_typography\">R\u00e9servez <span class=\"color\">vos le\u00e7ons<\/span> maintenant !<\/h3>\t\t\t\t\t\t<p ><p><strong>02.32.42.59.14<\/strong><\/p><\/p>\n\t\t\t\t\t\t\t\t\t\t\t\t\t<p>\n\t\t\t\t\t\t\t\t\t\t\t\t\t<a class=\"btn btn-long inverse\" href=\"#\" data-toggle=\"modal\" data-target=\"#ModalOrderPackage6\">Contactez-nous<\/a>\n\t\t\t\t\t\t\t\t\t\t\t\t\t<\/p>\n\t\t\t\t\t\t\t\t\t\t\t<\/div>\n\t\t\t\t<\/div>\n\t\t\t<\/div>\n\t\t<\/div>\n\t\t\t\t<\/div>\n\t\t\t\t<\/div>\n\t\t\t\t\t\t<\/div>\n\t\t\t\t\t<\/div>\n\t\t<\/div>\n\t\t\t\t\t\t\t\t<\/div>\n\t\t\t\t\t<\/div>\n\t\t<\/section>\n\t\t\t\t\t\t\t\t\t<\/div>\n\t\t\t<\/div>\n\t\t\t\t\t<\/div>\n\t\t","protected":false},"excerpt":{"rendered":"<p>Nos Formations D\u00e9couvrez et trouvez la formation qui vous convient 1 Code de la route Details 2 Formation Permis B Details 3 V\u00e9hicule am\u00e9nag\u00e9 Details 4 Conduite accompagn\u00e9e Details R\u00e9servez vos le\u00e7ons maintenant ! 02.32.42.59.14 Contactez-nous<\/p>\n","protected":false},"author":1,"featured_media":0,"parent":0,"menu_order":0,"comment_status":"closed","ping_status":"closed","template":"single-our-programs.php","meta":[],"yoast_head":"<!-- This site is optimized with the Yoast SEO plugin v20.4 - https:\/\/yoast.com\/wordpress\/plugins\/seo\/ -->\n<title>Nos Formations - Chez-Laurette Auto-Ecole<\/title>\n<meta name=\"robots\" content=\"index, follow, max-snippet:-1, max-image-preview:large, max-video-preview:-1\" \/>\n<link rel=\"canonical\" href=\"http:\/\/proxygen-informatique.fr\/chezlaurette\/formations\/\" \/>\n<meta property=\"og:locale\" content=\"fr_FR\" \/>\n<meta property=\"og:type\" content=\"article\" \/>\n<meta property=\"og:title\" content=\"Nos Formations - Chez-Laurette Auto-Ecole\" \/>\n<meta property=\"og:description\" content=\"Nos Formations D\u00e9couvrez et trouvez la formation qui vous convient 1 Code de la route Details 2 Formation Permis B Details 3 V\u00e9hicule am\u00e9nag\u00e9 Details 4 Conduite accompagn\u00e9e Details R\u00e9servez vos le\u00e7ons maintenant ! 02.32.42.59.14 Contactez-nous\" \/>\n<meta property=\"og:url\" content=\"http:\/\/proxygen-informatique.fr\/chezlaurette\/formations\/\" \/>\n<meta property=\"og:site_name\" content=\"Chez-Laurette Auto-Ecole\" \/>\n<meta property=\"article:modified_time\" content=\"2022-03-29T13:54:56+00:00\" \/>\n<meta property=\"og:image\" content=\"http:\/\/proxygen-informatique.fr\/chezlaurette\/wp-content\/uploads\/2021\/01\/codedelaroute.jpg\" \/>\n<meta name=\"twitter:card\" content=\"summary_large_image\" \/>\n<meta name=\"twitter:label1\" content=\"Dur\u00e9e de lecture estim\u00e9e\" \/>\n\t<meta name=\"twitter:data1\" content=\"2 minutes\" \/>\n<script type=\"application\/ld+json\" class=\"yoast-schema-graph\">{\"@context\":\"https:\/\/schema.org\",\"@graph\":[{\"@type\":\"WebPage\",\"@id\":\"http:\/\/proxygen-informatique.fr\/chezlaurette\/formations\/\",\"url\":\"http:\/\/proxygen-informatique.fr\/chezlaurette\/formations\/\",\"name\":\"Nos Formations - Chez-Laurette Auto-Ecole\",\"isPartOf\":{\"@id\":\"http:\/\/proxygen-informatique.fr\/chezlaurette\/#website\"},\"datePublished\":\"2021-01-26T09:46:53+00:00\",\"dateModified\":\"2022-03-29T13:54:56+00:00\",\"breadcrumb\":{\"@id\":\"http:\/\/proxygen-informatique.fr\/chezlaurette\/formations\/#breadcrumb\"},\"inLanguage\":\"fr-FR\",\"potentialAction\":[{\"@type\":\"ReadAction\",\"target\":[\"http:\/\/proxygen-informatique.fr\/chezlaurette\/formations\/\"]}]},{\"@type\":\"BreadcrumbList\",\"@id\":\"http:\/\/proxygen-informatique.fr\/chezlaurette\/formations\/#breadcrumb\",\"itemListElement\":[{\"@type\":\"ListItem\",\"position\":1,\"name\":\"Home\",\"item\":\"http:\/\/proxygen-informatique.fr\/chezlaurette\/\"},{\"@type\":\"ListItem\",\"position\":2,\"name\":\"Nos Formations\"}]},{\"@type\":\"WebSite\",\"@id\":\"http:\/\/proxygen-informatique.fr\/chezlaurette\/#website\",\"url\":\"http:\/\/proxygen-informatique.fr\/chezlaurette\/\",\"name\":\"Chez-Laurette Auto-Ecole\",\"description\":\"\",\"publisher\":{\"@id\":\"http:\/\/proxygen-informatique.fr\/chezlaurette\/#organization\"},\"potentialAction\":[{\"@type\":\"SearchAction\",\"target\":{\"@type\":\"EntryPoint\",\"urlTemplate\":\"http:\/\/proxygen-informatique.fr\/chezlaurette\/?s={search_term_string}\"},\"query-input\":\"required name=search_term_string\"}],\"inLanguage\":\"fr-FR\"},{\"@type\":\"Organization\",\"@id\":\"http:\/\/proxygen-informatique.fr\/chezlaurette\/#organization\",\"name\":\"Chea Laurette Auto-Ecole\",\"url\":\"http:\/\/proxygen-informatique.fr\/chezlaurette\/\",\"logo\":{\"@type\":\"ImageObject\",\"inLanguage\":\"fr-FR\",\"@id\":\"http:\/\/proxygen-informatique.fr\/chezlaurette\/#\/schema\/logo\/image\/\",\"url\":\"https:\/\/proxygen-informatique.fr\/chezlaurette\/wp-content\/uploads\/2021\/01\/logo.png\",\"contentUrl\":\"https:\/\/proxygen-informatique.fr\/chezlaurette\/wp-content\/uploads\/2021\/01\/logo.png\",\"width\":273,\"height\":100,\"caption\":\"Chea Laurette Auto-Ecole\"},\"image\":{\"@id\":\"http:\/\/proxygen-informatique.fr\/chezlaurette\/#\/schema\/logo\/image\/\"}}]}<\/script>\n<!-- \/ Yoast SEO plugin. -->","yoast_head_json":{"title":"Nos Formations - Chez-Laurette Auto-Ecole","robots":{"index":"index","follow":"follow","max-snippet":"max-snippet:-1","max-image-preview":"max-image-preview:large","max-video-preview":"max-video-preview:-1"},"canonical":"http:\/\/proxygen-informatique.fr\/chezlaurette\/formations\/","og_locale":"fr_FR","og_type":"article","og_title":"Nos Formations - Chez-Laurette Auto-Ecole","og_description":"Nos Formations D\u00e9couvrez et trouvez la formation qui vous convient 1 Code de la route Details 2 Formation Permis B Details 3 V\u00e9hicule am\u00e9nag\u00e9 Details 4 Conduite accompagn\u00e9e Details R\u00e9servez vos le\u00e7ons maintenant ! 02.32.42.59.14 Contactez-nous","og_url":"http:\/\/proxygen-informatique.fr\/chezlaurette\/formations\/","og_site_name":"Chez-Laurette Auto-Ecole","article_modified_time":"2022-03-29T13:54:56+00:00","og_image":[{"url":"http:\/\/proxygen-informatique.fr\/chezlaurette\/wp-content\/uploads\/2021\/01\/codedelaroute.jpg"}],"twitter_card":"summary_large_image","twitter_misc":{"Dur\u00e9e de lecture estim\u00e9e":"2 minutes"},"schema":{"@context":"https:\/\/schema.org","@graph":[{"@type":"WebPage","@id":"http:\/\/proxygen-informatique.fr\/chezlaurette\/formations\/","url":"http:\/\/proxygen-informatique.fr\/chezlaurette\/formations\/","name":"Nos Formations - Chez-Laurette Auto-Ecole","isPartOf":{"@id":"http:\/\/proxygen-informatique.fr\/chezlaurette\/#website"},"datePublished":"2021-01-26T09:46:53+00:00","dateModified":"2022-03-29T13:54:56+00:00","breadcrumb":{"@id":"http:\/\/proxygen-informatique.fr\/chezlaurette\/formations\/#breadcrumb"},"inLanguage":"fr-FR","potentialAction":[{"@type":"ReadAction","target":["http:\/\/proxygen-informatique.fr\/chezlaurette\/formations\/"]}]},{"@type":"BreadcrumbList","@id":"http:\/\/proxygen-informatique.fr\/chezlaurette\/formations\/#breadcrumb","itemListElement":[{"@type":"ListItem","position":1,"name":"Home","item":"http:\/\/proxygen-informatique.fr\/chezlaurette\/"},{"@type":"ListItem","position":2,"name":"Nos Formations"}]},{"@type":"WebSite","@id":"http:\/\/proxygen-informatique.fr\/chezlaurette\/#website","url":"http:\/\/proxygen-informatique.fr\/chezlaurette\/","name":"Chez-Laurette Auto-Ecole","description":"","publisher":{"@id":"http:\/\/proxygen-informatique.fr\/chezlaurette\/#organization"},"potentialAction":[{"@type":"SearchAction","target":{"@type":"EntryPoint","urlTemplate":"http:\/\/proxygen-informatique.fr\/chezlaurette\/?s={search_term_string}"},"query-input":"required name=search_term_string"}],"inLanguage":"fr-FR"},{"@type":"Organization","@id":"http:\/\/proxygen-informatique.fr\/chezlaurette\/#organization","name":"Chea Laurette Auto-Ecole","url":"http:\/\/proxygen-informatique.fr\/chezlaurette\/","logo":{"@type":"ImageObject","inLanguage":"fr-FR","@id":"http:\/\/proxygen-informatique.fr\/chezlaurette\/#\/schema\/logo\/image\/","url":"https:\/\/proxygen-informatique.fr\/chezlaurette\/wp-content\/uploads\/2021\/01\/logo.png","contentUrl":"https:\/\/proxygen-informatique.fr\/chezlaurette\/wp-content\/uploads\/2021\/01\/logo.png","width":273,"height":100,"caption":"Chea Laurette Auto-Ecole"},"image":{"@id":"http:\/\/proxygen-informatique.fr\/chezlaurette\/#\/schema\/logo\/image\/"}}]}},"_links":{"self":[{"href":"http:\/\/proxygen-informatique.fr\/chezlaurette\/wp-json\/wp\/v2\/pages\/153"}],"collection":[{"href":"http:\/\/proxygen-informatique.fr\/chezlaurette\/wp-json\/wp\/v2\/pages"}],"about":[{"href":"http:\/\/proxygen-informatique.fr\/chezlaurette\/wp-json\/wp\/v2\/types\/page"}],"author":[{"embeddable":true,"href":"http:\/\/proxygen-informatique.fr\/chezlaurette\/wp-json\/wp\/v2\/users\/1"}],"replies":[{"embeddable":true,"href":"http:\/\/proxygen-informatique.fr\/chezlaurette\/wp-json\/wp\/v2\/comments?post=153"}],"version-history":[{"count":27,"href":"http:\/\/proxygen-informatique.fr\/chezlaurette\/wp-json\/wp\/v2\/pages\/153\/revisions"}],"predecessor-version":[{"id":2568,"href":"http:\/\/proxygen-informatique.fr\/chezlaurette\/wp-json\/wp\/v2\/pages\/153\/revisions\/2568"}],"wp:attachment":[{"href":"http:\/\/proxygen-informatique.fr\/chezlaurette\/wp-json\/wp\/v2\/media?parent=153"}],"curies":[{"name":"wp","href":"https:\/\/api.w.org\/{rel}","templated":true}]}}