{"id":2,"date":"2021-01-16T15:13:19","date_gmt":"2021-01-16T14:13:19","guid":{"rendered":"http:\/\/proxygen-informatique.fr\/chezlaurette\/?page_id=2"},"modified":"2021-01-27T10:21:29","modified_gmt":"2021-01-27T09:21:29","slug":"pont_audemer","status":"publish","type":"page","link":"http:\/\/proxygen-informatique.fr\/chezlaurette\/pont_audemer\/","title":{"rendered":"Agence de Pont-Audemer"},"content":{"rendered":"\t\t<div data-elementor-type=\"wp-page\" data-elementor-id=\"2\" class=\"elementor elementor-2\">\n\t\t\t\t\t\t<div class=\"elementor-inner\">\n\t\t\t\t<div class=\"elementor-section-wrap\">\n\t\t\t\t\t\t\t\t\t<section class=\"elementor-section elementor-top-section elementor-element elementor-element-c003490 elementor-section-boxed elementor-section-height-default elementor-section-height-default\" data-id=\"c003490\" data-element_type=\"section\">\n\t\t\t\t\t\t<div class=\"elementor-container elementor-column-gap-default\">\n\t\t\t\t\t\t\t<div class=\"elementor-row\">\n\t\t\t\t\t<div class=\"elementor-column elementor-col-100 elementor-top-column elementor-element elementor-element-4ff0e1c\" data-id=\"4ff0e1c\" data-element_type=\"column\">\n\t\t\t<div class=\"elementor-column-wrap elementor-element-populated\">\n\t\t\t\t\t\t\t<div class=\"elementor-widget-wrap\">\n\t\t\t\t\t\t<div class=\"elementor-element elementor-element-94d1503 elementor-widget elementor-widget-text-editor\" data-id=\"94d1503\" data-element_type=\"widget\" data-widget_type=\"text-editor.default\">\n\t\t\t\t<div class=\"elementor-widget-container\">\n\t\t\t\t\t\t\t\t<div class=\"elementor-text-editor elementor-clearfix\">\n\t\t\t\t<p><img decoding=\"async\" loading=\"lazy\" class=\"wp-image-2258 alignright\" src=\"http:\/\/proxygen-informatique.fr\/chezlaurette\/wp-content\/uploads\/2021\/01\/street_pa.png\" alt=\"\" width=\"564\" height=\"299\" \/><strong>Notre agence de Pont-Audemer vous accueille :<\/strong><\/p>\n<p>Du mardi au vendredi de 14h \u00e0 19h.<\/p>\n<p>Le samedi de 10h \u00e0 12h et de 14h \u00e0 17h.<\/p>\n<p>Tel : 02.32.42.59.14<\/p>\t\t\t\t\t<\/div>\n\t\t\t\t\t\t<\/div>\n\t\t\t\t<\/div>\n\t\t\t\t\t\t<\/div>\n\t\t\t\t\t<\/div>\n\t\t<\/div>\n\t\t\t\t\t\t\t\t<\/div>\n\t\t\t\t\t<\/div>\n\t\t<\/section>\n\t\t\t\t<section class=\"elementor-section elementor-top-section elementor-element elementor-element-fa7fd1f elementor-section-boxed elementor-section-height-default elementor-section-height-default\" data-id=\"fa7fd1f\" data-element_type=\"section\">\n\t\t\t\t\t\t<div class=\"elementor-container elementor-column-gap-default\">\n\t\t\t\t\t\t\t<div class=\"elementor-row\">\n\t\t\t\t\t<div class=\"elementor-column elementor-col-100 elementor-top-column elementor-element elementor-element-1fd274d\" data-id=\"1fd274d\" data-element_type=\"column\">\n\t\t\t<div class=\"elementor-column-wrap\">\n\t\t\t\t\t\t\t<div class=\"elementor-widget-wrap\">\n\t\t\t\t\t\t\t\t<\/div>\n\t\t\t\t\t<\/div>\n\t\t<\/div>\n\t\t\t\t\t\t\t\t<\/div>\n\t\t\t\t\t<\/div>\n\t\t<\/section>\n\t\t\t\t<section class=\"elementor-section elementor-top-section elementor-element elementor-element-d4142c6 elementor-section-boxed elementor-section-height-default elementor-section-height-default\" data-id=\"d4142c6\" data-element_type=\"section\">\n\t\t\t\t\t\t<div class=\"elementor-container elementor-column-gap-default\">\n\t\t\t\t\t\t\t<div class=\"elementor-row\">\n\t\t\t\t\t<div class=\"elementor-column elementor-col-100 elementor-top-column elementor-element elementor-element-c07c941\" data-id=\"c07c941\" data-element_type=\"column\">\n\t\t\t<div class=\"elementor-column-wrap elementor-element-populated\">\n\t\t\t\t\t\t\t<div class=\"elementor-widget-wrap\">\n\t\t\t\t\t\t<div class=\"elementor-element elementor-element-117a2e0 elementor-widget elementor-widget-google_maps\" data-id=\"117a2e0\" data-element_type=\"widget\" data-widget_type=\"google_maps.default\">\n\t\t\t\t<div class=\"elementor-widget-container\">\n\t\t\t\t\t<div class=\"elementor-custom-embed\">\n\t\t\t<iframe frameborder=\"0\" scrolling=\"no\" marginheight=\"0\" marginwidth=\"0\"\n\t\t\t\t\tsrc=\"https:\/\/maps.google.com\/maps?q=2b%20rue%20des%20deportes%2027500%20pont-audemer&#038;t=m&#038;z=15&#038;output=embed&#038;iwloc=near\"\n\t\t\t\t\ttitle=\"2b rue des deportes 27500 pont-audemer\"\n\t\t\t\t\taria-label=\"2b rue des deportes 27500 pont-audemer\"\n\t\t\t><\/iframe>\n\t\t<\/div>\n\t\t\t\t<\/div>\n\t\t\t\t<\/div>\n\t\t\t\t\t\t<\/div>\n\t\t\t\t\t<\/div>\n\t\t<\/div>\n\t\t\t\t\t\t\t\t<\/div>\n\t\t\t\t\t<\/div>\n\t\t<\/section>\n\t\t\t\t<section class=\"elementor-section elementor-top-section elementor-element elementor-element-079fbd3 elementor-section-boxed elementor-section-height-default elementor-section-height-default\" data-id=\"079fbd3\" data-element_type=\"section\">\n\t\t\t\t\t\t<div class=\"elementor-container elementor-column-gap-default\">\n\t\t\t\t\t\t\t<div class=\"elementor-row\">\n\t\t\t\t\t<div class=\"elementor-column elementor-col-100 elementor-top-column elementor-element elementor-element-94d918d\" data-id=\"94d918d\" data-element_type=\"column\">\n\t\t\t<div class=\"elementor-column-wrap elementor-element-populated\">\n\t\t\t\t\t\t\t<div class=\"elementor-widget-wrap\">\n\t\t\t\t\t\t<div class=\"elementor-element elementor-element-da248e9 elementor-widget elementor-widget-box_parallax\" data-id=\"da248e9\" data-element_type=\"widget\" data-widget_type=\"box_parallax.default\">\n\t\t\t\t<div class=\"elementor-widget-container\">\n\t\t\t\t\t<div class=\"box-parallax-02\">\n\t\t\t<img decoding=\"async\" src=\"http:\/\/proxygen-informatique.fr\/chezlaurette\/wp-content\/uploads\/2017\/10\/parallax-img-03.jpg\" class=\"img-parallax\" data-parallax='{\"y\": -100}' alt=\"\">\n\t\t\t<div class=\"container-fluid\">\n\t\t\t\t<div class=\"row\">\n\t\t\t\t\t<div class=\"description\">\n\t\t\t\t\t\t<h3 class=\"tt-title-md content_typography\"><span class=\"color\">Vos le\u00e7ons<\/span> maintenant !<\/h3>\t\t\t\t\t\t<p ><p><strong>02.32.42.59.14<\/strong><\/p><\/p>\n\t\t\t\t\t\t\t\t\t\t\t\t\t<p>\n\t\t\t\t\t\t\t\t\t\t\t\t\t<a class=\"btn btn-long inverse\" href=\"#\" data-toggle=\"modal\" data-target=\"#ModalOrderPackage6\">Contactez-nous<\/a>\n\t\t\t\t\t\t\t\t\t\t\t\t\t<\/p>\n\t\t\t\t\t\t\t\t\t\t\t<\/div>\n\t\t\t\t<\/div>\n\t\t\t<\/div>\n\t\t<\/div>\n\t\t\t\t<\/div>\n\t\t\t\t<\/div>\n\t\t\t\t\t\t<\/div>\n\t\t\t\t\t<\/div>\n\t\t<\/div>\n\t\t\t\t\t\t\t\t<\/div>\n\t\t\t\t\t<\/div>\n\t\t<\/section>\n\t\t\t\t\t\t\t\t\t<\/div>\n\t\t\t<\/div>\n\t\t\t\t\t<\/div>\n\t\t","protected":false},"excerpt":{"rendered":"<p>Notre agence de Pont-Audemer vous accueille : Du mardi au vendredi de 14h \u00e0 19h. Le samedi de 10h \u00e0 12h et de 14h \u00e0 17h. Tel : 02.32.42.59.14 Vos le\u00e7ons maintenant ! 02.32.42.59.14 Contactez-nous<\/p>\n","protected":false},"author":1,"featured_media":0,"parent":0,"menu_order":0,"comment_status":"closed","ping_status":"closed","template":"","meta":[],"yoast_head":"<!-- This site is optimized with the Yoast SEO plugin v20.4 - https:\/\/yoast.com\/wordpress\/plugins\/seo\/ -->\n<title>Agence de Pont-Audemer - Chez-Laurette Auto-Ecole<\/title>\n<meta name=\"robots\" content=\"index, follow, max-snippet:-1, max-image-preview:large, max-video-preview:-1\" \/>\n<link rel=\"canonical\" href=\"http:\/\/proxygen-informatique.fr\/chezlaurette\/pont_audemer\/\" \/>\n<meta property=\"og:locale\" content=\"fr_FR\" \/>\n<meta property=\"og:type\" content=\"article\" \/>\n<meta property=\"og:title\" content=\"Agence de Pont-Audemer - Chez-Laurette Auto-Ecole\" \/>\n<meta property=\"og:description\" content=\"Notre agence de Pont-Audemer vous accueille : Du mardi au vendredi de 14h \u00e0 19h. Le samedi de 10h \u00e0 12h et de 14h \u00e0 17h. Tel : 02.32.42.59.14 Vos le\u00e7ons maintenant ! 02.32.42.59.14 Contactez-nous\" \/>\n<meta property=\"og:url\" content=\"http:\/\/proxygen-informatique.fr\/chezlaurette\/pont_audemer\/\" \/>\n<meta property=\"og:site_name\" content=\"Chez-Laurette Auto-Ecole\" \/>\n<meta property=\"article:modified_time\" content=\"2021-01-27T09:21:29+00:00\" \/>\n<meta property=\"og:image\" content=\"http:\/\/proxygen-informatique.fr\/chezlaurette\/wp-content\/uploads\/2021\/01\/street_pa.png\" \/>\n<meta name=\"twitter:card\" content=\"summary_large_image\" \/>\n<meta name=\"twitter:label1\" content=\"Dur\u00e9e de lecture estim\u00e9e\" \/>\n\t<meta name=\"twitter:data1\" content=\"1 minute\" \/>\n<script type=\"application\/ld+json\" class=\"yoast-schema-graph\">{\"@context\":\"https:\/\/schema.org\",\"@graph\":[{\"@type\":\"WebPage\",\"@id\":\"http:\/\/proxygen-informatique.fr\/chezlaurette\/pont_audemer\/\",\"url\":\"http:\/\/proxygen-informatique.fr\/chezlaurette\/pont_audemer\/\",\"name\":\"Agence de Pont-Audemer - Chez-Laurette Auto-Ecole\",\"isPartOf\":{\"@id\":\"https:\/\/proxygen-informatique.fr\/chezlaurette\/#website\"},\"datePublished\":\"2021-01-16T14:13:19+00:00\",\"dateModified\":\"2021-01-27T09:21:29+00:00\",\"breadcrumb\":{\"@id\":\"http:\/\/proxygen-informatique.fr\/chezlaurette\/pont_audemer\/#breadcrumb\"},\"inLanguage\":\"fr-FR\",\"potentialAction\":[{\"@type\":\"ReadAction\",\"target\":[\"http:\/\/proxygen-informatique.fr\/chezlaurette\/pont_audemer\/\"]}]},{\"@type\":\"BreadcrumbList\",\"@id\":\"http:\/\/proxygen-informatique.fr\/chezlaurette\/pont_audemer\/#breadcrumb\",\"itemListElement\":[{\"@type\":\"ListItem\",\"position\":1,\"name\":\"Home\",\"item\":\"https:\/\/proxygen-informatique.fr\/chezlaurette\/\"},{\"@type\":\"ListItem\",\"position\":2,\"name\":\"Agence de Pont-Audemer\"}]},{\"@type\":\"WebSite\",\"@id\":\"https:\/\/proxygen-informatique.fr\/chezlaurette\/#website\",\"url\":\"https:\/\/proxygen-informatique.fr\/chezlaurette\/\",\"name\":\"Chez-Laurette Auto-Ecole\",\"description\":\"\",\"publisher\":{\"@id\":\"https:\/\/proxygen-informatique.fr\/chezlaurette\/#organization\"},\"potentialAction\":[{\"@type\":\"SearchAction\",\"target\":{\"@type\":\"EntryPoint\",\"urlTemplate\":\"https:\/\/proxygen-informatique.fr\/chezlaurette\/?s={search_term_string}\"},\"query-input\":\"required name=search_term_string\"}],\"inLanguage\":\"fr-FR\"},{\"@type\":\"Organization\",\"@id\":\"https:\/\/proxygen-informatique.fr\/chezlaurette\/#organization\",\"name\":\"Chea Laurette Auto-Ecole\",\"url\":\"https:\/\/proxygen-informatique.fr\/chezlaurette\/\",\"logo\":{\"@type\":\"ImageObject\",\"inLanguage\":\"fr-FR\",\"@id\":\"https:\/\/proxygen-informatique.fr\/chezlaurette\/#\/schema\/logo\/image\/\",\"url\":\"https:\/\/proxygen-informatique.fr\/chezlaurette\/wp-content\/uploads\/2021\/01\/logo.png\",\"contentUrl\":\"https:\/\/proxygen-informatique.fr\/chezlaurette\/wp-content\/uploads\/2021\/01\/logo.png\",\"width\":273,\"height\":100,\"caption\":\"Chea Laurette Auto-Ecole\"},\"image\":{\"@id\":\"https:\/\/proxygen-informatique.fr\/chezlaurette\/#\/schema\/logo\/image\/\"}}]}<\/script>\n<!-- \/ Yoast SEO plugin. -->","yoast_head_json":{"title":"Agence de Pont-Audemer - Chez-Laurette Auto-Ecole","robots":{"index":"index","follow":"follow","max-snippet":"max-snippet:-1","max-image-preview":"max-image-preview:large","max-video-preview":"max-video-preview:-1"},"canonical":"http:\/\/proxygen-informatique.fr\/chezlaurette\/pont_audemer\/","og_locale":"fr_FR","og_type":"article","og_title":"Agence de Pont-Audemer - Chez-Laurette Auto-Ecole","og_description":"Notre agence de Pont-Audemer vous accueille : Du mardi au vendredi de 14h \u00e0 19h. Le samedi de 10h \u00e0 12h et de 14h \u00e0 17h. Tel : 02.32.42.59.14 Vos le\u00e7ons maintenant ! 02.32.42.59.14 Contactez-nous","og_url":"http:\/\/proxygen-informatique.fr\/chezlaurette\/pont_audemer\/","og_site_name":"Chez-Laurette Auto-Ecole","article_modified_time":"2021-01-27T09:21:29+00:00","og_image":[{"url":"http:\/\/proxygen-informatique.fr\/chezlaurette\/wp-content\/uploads\/2021\/01\/street_pa.png"}],"twitter_card":"summary_large_image","twitter_misc":{"Dur\u00e9e de lecture estim\u00e9e":"1 minute"},"schema":{"@context":"https:\/\/schema.org","@graph":[{"@type":"WebPage","@id":"http:\/\/proxygen-informatique.fr\/chezlaurette\/pont_audemer\/","url":"http:\/\/proxygen-informatique.fr\/chezlaurette\/pont_audemer\/","name":"Agence de Pont-Audemer - Chez-Laurette Auto-Ecole","isPartOf":{"@id":"https:\/\/proxygen-informatique.fr\/chezlaurette\/#website"},"datePublished":"2021-01-16T14:13:19+00:00","dateModified":"2021-01-27T09:21:29+00:00","breadcrumb":{"@id":"http:\/\/proxygen-informatique.fr\/chezlaurette\/pont_audemer\/#breadcrumb"},"inLanguage":"fr-FR","potentialAction":[{"@type":"ReadAction","target":["http:\/\/proxygen-informatique.fr\/chezlaurette\/pont_audemer\/"]}]},{"@type":"BreadcrumbList","@id":"http:\/\/proxygen-informatique.fr\/chezlaurette\/pont_audemer\/#breadcrumb","itemListElement":[{"@type":"ListItem","position":1,"name":"Home","item":"https:\/\/proxygen-informatique.fr\/chezlaurette\/"},{"@type":"ListItem","position":2,"name":"Agence de Pont-Audemer"}]},{"@type":"WebSite","@id":"https:\/\/proxygen-informatique.fr\/chezlaurette\/#website","url":"https:\/\/proxygen-informatique.fr\/chezlaurette\/","name":"Chez-Laurette Auto-Ecole","description":"","publisher":{"@id":"https:\/\/proxygen-informatique.fr\/chezlaurette\/#organization"},"potentialAction":[{"@type":"SearchAction","target":{"@type":"EntryPoint","urlTemplate":"https:\/\/proxygen-informatique.fr\/chezlaurette\/?s={search_term_string}"},"query-input":"required name=search_term_string"}],"inLanguage":"fr-FR"},{"@type":"Organization","@id":"https:\/\/proxygen-informatique.fr\/chezlaurette\/#organization","name":"Chea Laurette Auto-Ecole","url":"https:\/\/proxygen-informatique.fr\/chezlaurette\/","logo":{"@type":"ImageObject","inLanguage":"fr-FR","@id":"https:\/\/proxygen-informatique.fr\/chezlaurette\/#\/schema\/logo\/image\/","url":"https:\/\/proxygen-informatique.fr\/chezlaurette\/wp-content\/uploads\/2021\/01\/logo.png","contentUrl":"https:\/\/proxygen-informatique.fr\/chezlaurette\/wp-content\/uploads\/2021\/01\/logo.png","width":273,"height":100,"caption":"Chea Laurette Auto-Ecole"},"image":{"@id":"https:\/\/proxygen-informatique.fr\/chezlaurette\/#\/schema\/logo\/image\/"}}]}},"_links":{"self":[{"href":"http:\/\/proxygen-informatique.fr\/chezlaurette\/wp-json\/wp\/v2\/pages\/2"}],"collection":[{"href":"http:\/\/proxygen-informatique.fr\/chezlaurette\/wp-json\/wp\/v2\/pages"}],"about":[{"href":"http:\/\/proxygen-informatique.fr\/chezlaurette\/wp-json\/wp\/v2\/types\/page"}],"author":[{"embeddable":true,"href":"http:\/\/proxygen-informatique.fr\/chezlaurette\/wp-json\/wp\/v2\/users\/1"}],"replies":[{"embeddable":true,"href":"http:\/\/proxygen-informatique.fr\/chezlaurette\/wp-json\/wp\/v2\/comments?post=2"}],"version-history":[{"count":54,"href":"http:\/\/proxygen-informatique.fr\/chezlaurette\/wp-json\/wp\/v2\/pages\/2\/revisions"}],"predecessor-version":[{"id":2390,"href":"http:\/\/proxygen-informatique.fr\/chezlaurette\/wp-json\/wp\/v2\/pages\/2\/revisions\/2390"}],"wp:attachment":[{"href":"http:\/\/proxygen-informatique.fr\/chezlaurette\/wp-json\/wp\/v2\/media?parent=2"}],"curies":[{"name":"wp","href":"https:\/\/api.w.org\/{rel}","templated":true}]}}