{"id":21,"date":"2017-10-14T05:14:29","date_gmt":"2017-10-14T05:14:29","guid":{"rendered":"https:\/\/smartdata.tonytemplates.com\/driving-school\/?page_id=21"},"modified":"2022-03-30T09:31:00","modified_gmt":"2022-03-30T07:31:00","slug":"contact","status":"publish","type":"page","link":"http:\/\/proxygen-informatique.fr\/chezlaurette\/contact\/","title":{"rendered":"Contacts"},"content":{"rendered":"\t\t<div data-elementor-type=\"wp-page\" data-elementor-id=\"21\" class=\"elementor elementor-21\">\n\t\t\t\t\t\t<div class=\"elementor-inner\">\n\t\t\t\t<div class=\"elementor-section-wrap\">\n\t\t\t\t\t\t\t\t\t<section class=\"elementor-section elementor-top-section elementor-element elementor-element-fa14a2c elementor-reverse-tablet elementor-reverse-mobile elementor-section-full_width col-xs-12 col-sm-9 elementor-section-height-default elementor-section-height-default\" data-id=\"fa14a2c\" data-element_type=\"section\">\n\t\t\t\t\t\t<div class=\"elementor-container elementor-column-gap-no\">\n\t\t\t\t\t\t\t<div class=\"elementor-row\">\n\t\t\t\t\t<div class=\"elementor-column elementor-col-50 elementor-top-column elementor-element elementor-element-3370594 offset-bottom-250\" data-id=\"3370594\" data-element_type=\"column\">\n\t\t\t<div class=\"elementor-column-wrap elementor-element-populated\">\n\t\t\t\t\t\t\t<div class=\"elementor-widget-wrap\">\n\t\t\t\t\t\t<div class=\"elementor-element elementor-element-099cb0e tt-title-md elementor-widget elementor-widget-heading\" data-id=\"099cb0e\" data-element_type=\"widget\" data-widget_type=\"heading.default\">\n\t\t\t\t<div class=\"elementor-widget-container\">\n\t\t\t<h2 class=\"elementor-heading-title elementor-size-default\">Contactez-nous<\/h2>\t\t<\/div>\n\t\t\t\t<\/div>\n\t\t\t\t<div class=\"elementor-element elementor-element-dbbd99d elementor-widget elementor-widget-text-editor\" data-id=\"dbbd99d\" data-element_type=\"widget\" data-widget_type=\"text-editor.default\">\n\t\t\t\t<div class=\"elementor-widget-container\">\n\t\t\t\t\t\t\t\t<div class=\"elementor-text-editor elementor-clearfix\">\n\t\t\t\t<p>Si vous avez une question, o\u00f9 si vous souhaitez nous adresser un message, n&#8217;h\u00e9sitez pas \u00e0 utiliser ce formulaire.<\/p>\t\t\t\t\t<\/div>\n\t\t\t\t\t\t<\/div>\n\t\t\t\t<\/div>\n\t\t\t\t<div class=\"elementor-element elementor-element-d60f38b elementor-widget elementor-widget-shortcode\" data-id=\"d60f38b\" data-element_type=\"widget\" data-widget_type=\"shortcode.default\">\n\t\t\t\t<div class=\"elementor-widget-container\">\n\t\t\t\t\t<div class=\"elementor-shortcode\"><div role=\"form\" class=\"wpcf7\" id=\"wpcf7-f6-o1\" lang=\"fr-FR\" dir=\"ltr\">\n<div class=\"screen-reader-response\"><p role=\"status\" aria-live=\"polite\" aria-atomic=\"true\"><\/p> <ul><\/ul><\/div>\n<form action=\"\/chezlaurette\/wp-json\/wp\/v2\/pages\/21#wpcf7-f6-o1\" method=\"post\" class=\"wpcf7-form init\" novalidate=\"novalidate\" data-status=\"init\">\n<div style=\"display: none;\">\n<input type=\"hidden\" name=\"_wpcf7\" value=\"6\" \/>\n<input type=\"hidden\" name=\"_wpcf7_version\" value=\"5.5.6.1\" \/>\n<input type=\"hidden\" name=\"_wpcf7_locale\" value=\"fr_FR\" \/>\n<input type=\"hidden\" name=\"_wpcf7_unit_tag\" value=\"wpcf7-f6-o1\" \/>\n<input type=\"hidden\" name=\"_wpcf7_container_post\" value=\"0\" \/>\n<input type=\"hidden\" name=\"_wpcf7_posted_data_hash\" value=\"\" \/>\n<\/div>\n<p><label> Votre nom<br \/>\n    <span class=\"wpcf7-form-control-wrap your-name\"><input type=\"text\" name=\"your-name\" value=\"\" size=\"40\" class=\"wpcf7-form-control wpcf7-text wpcf7-validates-as-required\" aria-required=\"true\" aria-invalid=\"false\" \/><\/span> <\/label><\/p>\n<p><label> Votre adresse de messagerie<br \/>\n    <span class=\"wpcf7-form-control-wrap your-email\"><input type=\"email\" name=\"your-email\" value=\"\" size=\"40\" class=\"wpcf7-form-control wpcf7-text wpcf7-email wpcf7-validates-as-required wpcf7-validates-as-email\" aria-required=\"true\" aria-invalid=\"false\" \/><\/span> <\/label><\/p>\n<p><label> Votre num\u00e9ro de t\u00e9l\u00e9phone<br \/>\n    <span class=\"wpcf7-form-control-wrap your-phone\"><input type=\"text\" name=\"your-phone\" value=\"\" size=\"40\" class=\"wpcf7-form-control wpcf7-text wpcf7-validates-as-required\" aria-required=\"true\" aria-invalid=\"false\" \/><\/span> <\/label><\/p>\n<p><label> Objet<br \/>\n    <span class=\"wpcf7-form-control-wrap your-subject\"><input type=\"text\" name=\"your-subject\" value=\"\" size=\"40\" class=\"wpcf7-form-control wpcf7-text wpcf7-validates-as-required\" aria-required=\"true\" aria-invalid=\"false\" \/><\/span> <\/label><\/p>\n<p><label> Votre message (facultatif)<br \/>\n    <span class=\"wpcf7-form-control-wrap your-message\"><textarea name=\"your-message\" cols=\"40\" rows=\"10\" class=\"wpcf7-form-control wpcf7-textarea\" aria-invalid=\"false\"><\/textarea><\/span> <\/label><\/p>\n<p><input type=\"submit\" value=\"Envoyer\" class=\"wpcf7-form-control has-spinner wpcf7-submit\" \/><\/p>\n<p style=\"display: none !important;\" class=\"akismet-fields-container\" data-prefix=\"_wpcf7_ak_\"><label>&#916;<textarea name=\"_wpcf7_ak_hp_textarea\" cols=\"45\" rows=\"8\" maxlength=\"100\"><\/textarea><\/label><input type=\"hidden\" id=\"ak_js_1\" name=\"_wpcf7_ak_js\" value=\"10\"\/><script>document.getElementById( \"ak_js_1\" ).setAttribute( \"value\", ( new Date() ).getTime() );<\/script><\/p><div class=\"wpcf7-response-output\" aria-hidden=\"true\"><\/div><\/form><\/div><\/div>\n\t\t\t\t<\/div>\n\t\t\t\t<\/div>\n\t\t\t\t\t\t<\/div>\n\t\t\t\t\t<\/div>\n\t\t<\/div>\n\t\t\t\t<div class=\"elementor-column elementor-col-50 elementor-top-column elementor-element elementor-element-9a751aa col-xs-12 col-lg-4 pull-right\" data-id=\"9a751aa\" data-element_type=\"column\">\n\t\t\t<div class=\"elementor-column-wrap elementor-element-populated\">\n\t\t\t\t\t\t\t<div class=\"elementor-widget-wrap\">\n\t\t\t\t\t\t<div class=\"elementor-element elementor-element-9f3d622 elementor-widget elementor-widget-spacer\" data-id=\"9f3d622\" data-element_type=\"widget\" data-widget_type=\"spacer.default\">\n\t\t\t\t<div class=\"elementor-widget-container\">\n\t\t\t\t\t<div class=\"elementor-spacer\">\n\t\t\t<div class=\"elementor-spacer-inner\"><\/div>\n\t\t<\/div>\n\t\t\t\t<\/div>\n\t\t\t\t<\/div>\n\t\t\t\t\t\t<\/div>\n\t\t\t\t\t<\/div>\n\t\t<\/div>\n\t\t\t\t\t\t\t\t<\/div>\n\t\t\t\t\t<\/div>\n\t\t<\/section>\n\t\t\t\t<section class=\"elementor-section elementor-top-section elementor-element elementor-element-91d88be elementor-section-boxed elementor-section-height-default elementor-section-height-default\" data-id=\"91d88be\" data-element_type=\"section\">\n\t\t\t\t\t\t<div class=\"elementor-container elementor-column-gap-default\">\n\t\t\t\t\t\t\t<div class=\"elementor-row\">\n\t\t\t\t\t<div class=\"elementor-column elementor-col-100 elementor-top-column elementor-element elementor-element-16d3aa9\" data-id=\"16d3aa9\" data-element_type=\"column\">\n\t\t\t<div class=\"elementor-column-wrap\">\n\t\t\t\t\t\t\t<div class=\"elementor-widget-wrap\">\n\t\t\t\t\t\t\t\t<\/div>\n\t\t\t\t\t<\/div>\n\t\t<\/div>\n\t\t\t\t\t\t\t\t<\/div>\n\t\t\t\t\t<\/div>\n\t\t<\/section>\n\t\t\t\t\t\t\t\t\t<\/div>\n\t\t\t<\/div>\n\t\t\t\t\t<\/div>\n\t\t","protected":false},"excerpt":{"rendered":"<p>Contactez-nous Si vous avez une question, o\u00f9 si vous souhaitez nous adresser un message, n&#8217;h\u00e9sitez pas \u00e0 utiliser ce formulaire.<\/p>\n","protected":false},"author":1,"featured_media":0,"parent":0,"menu_order":0,"comment_status":"closed","ping_status":"closed","template":"contact.php","meta":[],"yoast_head":"<!-- This site is optimized with the Yoast SEO plugin v20.4 - https:\/\/yoast.com\/wordpress\/plugins\/seo\/ -->\n<title>Contacts - Chez-Laurette Auto-Ecole<\/title>\n<meta name=\"robots\" content=\"index, follow, max-snippet:-1, max-image-preview:large, max-video-preview:-1\" \/>\n<link rel=\"canonical\" href=\"http:\/\/proxygen-informatique.fr\/chezlaurette\/contact\/\" \/>\n<meta property=\"og:locale\" content=\"fr_FR\" \/>\n<meta property=\"og:type\" content=\"article\" \/>\n<meta property=\"og:title\" content=\"Contacts - Chez-Laurette Auto-Ecole\" \/>\n<meta property=\"og:description\" content=\"Contactez-nous Si vous avez une question, o\u00f9 si vous souhaitez nous adresser un message, n&#8217;h\u00e9sitez pas \u00e0 utiliser ce formulaire.\" \/>\n<meta property=\"og:url\" content=\"http:\/\/proxygen-informatique.fr\/chezlaurette\/contact\/\" \/>\n<meta property=\"og:site_name\" content=\"Chez-Laurette Auto-Ecole\" \/>\n<meta property=\"article:modified_time\" content=\"2022-03-30T07:31:00+00:00\" \/>\n<meta name=\"twitter:card\" content=\"summary_large_image\" \/>\n<meta name=\"twitter:label1\" content=\"Dur\u00e9e de lecture estim\u00e9e\" \/>\n\t<meta name=\"twitter:data1\" content=\"1 minute\" \/>\n<script type=\"application\/ld+json\" class=\"yoast-schema-graph\">{\"@context\":\"https:\/\/schema.org\",\"@graph\":[{\"@type\":\"WebPage\",\"@id\":\"http:\/\/proxygen-informatique.fr\/chezlaurette\/contact\/\",\"url\":\"http:\/\/proxygen-informatique.fr\/chezlaurette\/contact\/\",\"name\":\"Contacts - Chez-Laurette Auto-Ecole\",\"isPartOf\":{\"@id\":\"https:\/\/proxygen-informatique.fr\/chezlaurette\/#website\"},\"datePublished\":\"2017-10-14T05:14:29+00:00\",\"dateModified\":\"2022-03-30T07:31:00+00:00\",\"breadcrumb\":{\"@id\":\"http:\/\/proxygen-informatique.fr\/chezlaurette\/contact\/#breadcrumb\"},\"inLanguage\":\"fr-FR\",\"potentialAction\":[{\"@type\":\"ReadAction\",\"target\":[\"http:\/\/proxygen-informatique.fr\/chezlaurette\/contact\/\"]}]},{\"@type\":\"BreadcrumbList\",\"@id\":\"http:\/\/proxygen-informatique.fr\/chezlaurette\/contact\/#breadcrumb\",\"itemListElement\":[{\"@type\":\"ListItem\",\"position\":1,\"name\":\"Home\",\"item\":\"https:\/\/proxygen-informatique.fr\/chezlaurette\/\"},{\"@type\":\"ListItem\",\"position\":2,\"name\":\"Contacts\"}]},{\"@type\":\"WebSite\",\"@id\":\"https:\/\/proxygen-informatique.fr\/chezlaurette\/#website\",\"url\":\"https:\/\/proxygen-informatique.fr\/chezlaurette\/\",\"name\":\"Chez-Laurette Auto-Ecole\",\"description\":\"\",\"publisher\":{\"@id\":\"https:\/\/proxygen-informatique.fr\/chezlaurette\/#organization\"},\"potentialAction\":[{\"@type\":\"SearchAction\",\"target\":{\"@type\":\"EntryPoint\",\"urlTemplate\":\"https:\/\/proxygen-informatique.fr\/chezlaurette\/?s={search_term_string}\"},\"query-input\":\"required name=search_term_string\"}],\"inLanguage\":\"fr-FR\"},{\"@type\":\"Organization\",\"@id\":\"https:\/\/proxygen-informatique.fr\/chezlaurette\/#organization\",\"name\":\"Chea Laurette Auto-Ecole\",\"url\":\"https:\/\/proxygen-informatique.fr\/chezlaurette\/\",\"logo\":{\"@type\":\"ImageObject\",\"inLanguage\":\"fr-FR\",\"@id\":\"https:\/\/proxygen-informatique.fr\/chezlaurette\/#\/schema\/logo\/image\/\",\"url\":\"https:\/\/proxygen-informatique.fr\/chezlaurette\/wp-content\/uploads\/2021\/01\/logo.png\",\"contentUrl\":\"https:\/\/proxygen-informatique.fr\/chezlaurette\/wp-content\/uploads\/2021\/01\/logo.png\",\"width\":273,\"height\":100,\"caption\":\"Chea Laurette Auto-Ecole\"},\"image\":{\"@id\":\"https:\/\/proxygen-informatique.fr\/chezlaurette\/#\/schema\/logo\/image\/\"}}]}<\/script>\n<!-- \/ Yoast SEO plugin. -->","yoast_head_json":{"title":"Contacts - Chez-Laurette Auto-Ecole","robots":{"index":"index","follow":"follow","max-snippet":"max-snippet:-1","max-image-preview":"max-image-preview:large","max-video-preview":"max-video-preview:-1"},"canonical":"http:\/\/proxygen-informatique.fr\/chezlaurette\/contact\/","og_locale":"fr_FR","og_type":"article","og_title":"Contacts - Chez-Laurette Auto-Ecole","og_description":"Contactez-nous Si vous avez une question, o\u00f9 si vous souhaitez nous adresser un message, n&#8217;h\u00e9sitez pas \u00e0 utiliser ce formulaire.","og_url":"http:\/\/proxygen-informatique.fr\/chezlaurette\/contact\/","og_site_name":"Chez-Laurette Auto-Ecole","article_modified_time":"2022-03-30T07:31:00+00:00","twitter_card":"summary_large_image","twitter_misc":{"Dur\u00e9e de lecture estim\u00e9e":"1 minute"},"schema":{"@context":"https:\/\/schema.org","@graph":[{"@type":"WebPage","@id":"http:\/\/proxygen-informatique.fr\/chezlaurette\/contact\/","url":"http:\/\/proxygen-informatique.fr\/chezlaurette\/contact\/","name":"Contacts - Chez-Laurette Auto-Ecole","isPartOf":{"@id":"https:\/\/proxygen-informatique.fr\/chezlaurette\/#website"},"datePublished":"2017-10-14T05:14:29+00:00","dateModified":"2022-03-30T07:31:00+00:00","breadcrumb":{"@id":"http:\/\/proxygen-informatique.fr\/chezlaurette\/contact\/#breadcrumb"},"inLanguage":"fr-FR","potentialAction":[{"@type":"ReadAction","target":["http:\/\/proxygen-informatique.fr\/chezlaurette\/contact\/"]}]},{"@type":"BreadcrumbList","@id":"http:\/\/proxygen-informatique.fr\/chezlaurette\/contact\/#breadcrumb","itemListElement":[{"@type":"ListItem","position":1,"name":"Home","item":"https:\/\/proxygen-informatique.fr\/chezlaurette\/"},{"@type":"ListItem","position":2,"name":"Contacts"}]},{"@type":"WebSite","@id":"https:\/\/proxygen-informatique.fr\/chezlaurette\/#website","url":"https:\/\/proxygen-informatique.fr\/chezlaurette\/","name":"Chez-Laurette Auto-Ecole","description":"","publisher":{"@id":"https:\/\/proxygen-informatique.fr\/chezlaurette\/#organization"},"potentialAction":[{"@type":"SearchAction","target":{"@type":"EntryPoint","urlTemplate":"https:\/\/proxygen-informatique.fr\/chezlaurette\/?s={search_term_string}"},"query-input":"required name=search_term_string"}],"inLanguage":"fr-FR"},{"@type":"Organization","@id":"https:\/\/proxygen-informatique.fr\/chezlaurette\/#organization","name":"Chea Laurette Auto-Ecole","url":"https:\/\/proxygen-informatique.fr\/chezlaurette\/","logo":{"@type":"ImageObject","inLanguage":"fr-FR","@id":"https:\/\/proxygen-informatique.fr\/chezlaurette\/#\/schema\/logo\/image\/","url":"https:\/\/proxygen-informatique.fr\/chezlaurette\/wp-content\/uploads\/2021\/01\/logo.png","contentUrl":"https:\/\/proxygen-informatique.fr\/chezlaurette\/wp-content\/uploads\/2021\/01\/logo.png","width":273,"height":100,"caption":"Chea Laurette Auto-Ecole"},"image":{"@id":"https:\/\/proxygen-informatique.fr\/chezlaurette\/#\/schema\/logo\/image\/"}}]}},"_links":{"self":[{"href":"http:\/\/proxygen-informatique.fr\/chezlaurette\/wp-json\/wp\/v2\/pages\/21"}],"collection":[{"href":"http:\/\/proxygen-informatique.fr\/chezlaurette\/wp-json\/wp\/v2\/pages"}],"about":[{"href":"http:\/\/proxygen-informatique.fr\/chezlaurette\/wp-json\/wp\/v2\/types\/page"}],"author":[{"embeddable":true,"href":"http:\/\/proxygen-informatique.fr\/chezlaurette\/wp-json\/wp\/v2\/users\/1"}],"replies":[{"embeddable":true,"href":"http:\/\/proxygen-informatique.fr\/chezlaurette\/wp-json\/wp\/v2\/comments?post=21"}],"version-history":[{"count":21,"href":"http:\/\/proxygen-informatique.fr\/chezlaurette\/wp-json\/wp\/v2\/pages\/21\/revisions"}],"predecessor-version":[{"id":2573,"href":"http:\/\/proxygen-informatique.fr\/chezlaurette\/wp-json\/wp\/v2\/pages\/21\/revisions\/2573"}],"wp:attachment":[{"href":"http:\/\/proxygen-informatique.fr\/chezlaurette\/wp-json\/wp\/v2\/media?parent=21"}],"curies":[{"name":"wp","href":"https:\/\/api.w.org\/{rel}","templated":true}]}}