{"id":2460,"date":"2021-02-01T11:15:45","date_gmt":"2021-02-01T10:15:45","guid":{"rendered":"http:\/\/proxygen-informatique.fr\/chezlaurette\/?page_id=2460"},"modified":"2026-03-12T17:33:52","modified_gmt":"2026-03-12T16:33:52","slug":"tarifs","status":"publish","type":"page","link":"http:\/\/proxygen-informatique.fr\/chezlaurette\/tarifs\/","title":{"rendered":"Tarifs"},"content":{"rendered":"\t\t<div data-elementor-type=\"wp-page\" data-elementor-id=\"2460\" class=\"elementor elementor-2460\">\n\t\t\t\t\t\t<div class=\"elementor-inner\">\n\t\t\t\t<div class=\"elementor-section-wrap\">\n\t\t\t\t\t\t\t\t\t<section class=\"elementor-section elementor-top-section elementor-element elementor-element-3275330 elementor-section-stretched container-indent elementor-section-full_width elementor-section-height-default elementor-section-height-default\" data-id=\"3275330\" data-element_type=\"section\" data-settings=\"{&quot;stretch_section&quot;:&quot;section-stretched&quot;,&quot;background_background&quot;:&quot;classic&quot;}\">\n\t\t\t\t\t\t<div class=\"elementor-container elementor-column-gap-no\">\n\t\t\t\t\t\t\t<div class=\"elementor-row\">\n\t\t\t\t\t<div class=\"elementor-column elementor-col-100 elementor-top-column elementor-element elementor-element-003d973\" data-id=\"003d973\" data-element_type=\"column\">\n\t\t\t<div class=\"elementor-column-wrap\">\n\t\t\t\t\t\t\t<div class=\"elementor-widget-wrap\">\n\t\t\t\t\t\t\t\t<\/div>\n\t\t\t\t\t<\/div>\n\t\t<\/div>\n\t\t\t\t\t\t\t\t<\/div>\n\t\t\t\t\t<\/div>\n\t\t<\/section>\n\t\t\t\t<section class=\"elementor-section elementor-top-section elementor-element elementor-element-f5d4f66 elementor-section-boxed elementor-section-height-default elementor-section-height-default\" data-id=\"f5d4f66\" data-element_type=\"section\">\n\t\t\t\t\t\t<div class=\"elementor-container elementor-column-gap-default\">\n\t\t\t\t\t\t\t<div class=\"elementor-row\">\n\t\t\t\t\t<div class=\"elementor-column elementor-col-100 elementor-top-column elementor-element elementor-element-0513e3a\" data-id=\"0513e3a\" data-element_type=\"column\">\n\t\t\t<div class=\"elementor-column-wrap elementor-element-populated\">\n\t\t\t\t\t\t\t<div class=\"elementor-widget-wrap\">\n\t\t\t\t\t\t<div class=\"elementor-element elementor-element-6dc31d3 elementor-widget elementor-widget-promo_banner\" data-id=\"6dc31d3\" data-element_type=\"widget\" data-widget_type=\"promo_banner.default\">\n\t\t\t\t<div class=\"elementor-widget-container\">\n\t\t\t\t\t\t<div class=\"tt-promo-03\">\n\t\t\t\t<div class=\"container\">\n\t\t\t\t\t<div class=\"tt-description\">\n\t\t\t\t\t\t<h3 class=\"tt-title content_typography\">Tarifs individuels<\/h3>\n\t\t\t\t\t\t<div ><p><strong>Tarifs TTC valables jusqu'au 31\/12\/2026<\/strong><\/p><ul><li style=\"text-align: left;\">Prise en charge dossier : 80,00\u20ac<\/li><li style=\"text-align: left;\">Evaluation de d\u00e9part : 40,00\u20ac<\/li><li style=\"text-align: left;\">S\u00e9ance de code (1h) : 15,00\u20ac<\/li><li style=\"text-align: left;\">Acc\u00e8s Code en ligne : 40,00\u20ac\/mois<\/li><li style=\"text-align: left;\">Prolongation code 2 mois (s\u00e9ances illimit\u00e9es en salle ou en ligne) : 100,00\u20ac<\/li><li style=\"text-align: left;\">Livre de code : 16.00\u20ac<\/li><li style=\"text-align: left;\">Accompagnement examen de code : 40,00\u20ac<\/li><li style=\"text-align: left;\">Cours de conduite (1h) : 49,00\u20ac<\/li><li style=\"text-align: left;\">Rendez-vous pr\u00e9alable (2h) : 98,00\u20ac<\/li><li style=\"text-align: left;\">Rendez-vous p\u00e9dagogique conduite (1h) : 49,00\u20ac<\/li><li style=\"text-align: left;\">Rendez-vous p\u00e9dagogique salle (2h) : 30,00\u20ac<\/li><li style=\"text-align: left;\">Accompagnement examen de conduite : 49,00\u20ac<\/li><li style=\"text-align: left;\">Pochette p\u00e9dagogique (livret d'apprentissage + fiche de suivi) : 40,00\u20ac<\/li><li style=\"text-align: left;\">Kit de conduite supervis\u00e9e : 20,00\u20ac<\/li><li style=\"text-align: left;\">Livre de v\u00e9rifications : 10,00\u20ac<\/li><\/ul>\t\t\t\t\t\t<\/div>\n\t\t\t\t\t\t<address >\n\t\t\t\t\t\t\t\t\t\t\t\t\t<\/address>\n\t\t\t\t\t\t\t\t\t\t\t<\/div>\n\t\t\t\t<\/div>\n\t\t\t<\/div>\n\t\t\t\t<\/div>\n\t\t\t\t<\/div>\n\t\t\t\t<div class=\"elementor-element elementor-element-c47719c elementor-widget elementor-widget-driving_school_price\" data-id=\"c47719c\" data-element_type=\"widget\" data-widget_type=\"driving_school_price.default\">\n\t\t\t\t<div class=\"elementor-widget-container\">\n\t\t\t\t\t<!-- Title Section Start -->\n\t\t\t\t<div class=\"container\">\n\t\t\t\t\t<h3 class=\"tt-title-lg text-center content_typography_title\">Nos Forfaits<\/h3>\n\t\t\t\t\t<div class=\"row\">\n\t\t\t\t\t\t<div class=\"text-center text-md max-width70\">\n\t\t\t\t\t\tTarifs TTC valables jusqu'au 31\/12\/2026\t\t\t\t\t\t<\/div>\n\t\t\t<!-- Title Section End -->\n\t\t\t\t\t\t\t\t<div class=\"tt-promo-table-carusel slick-arrow-01\" data-slick='{\"mobile_first\":\"true\",\"slides_to_show\":3,\"slides_to_scroll\":1,\"pause_on_hover\":\"true\",\"autoplay\":\"true\",\"autoplay_speed\":\"1000\",\"dots\":\"true\",\"arrows\":\"true\"}'>\n\t\t\t\t\t\t\t\t\t\t\t\t\t\t\t\t\t<div class=\"col-md-4\">\n\t\t\t\t\t\t\t\t<div class=\"item\">\n\t\t\t\t\t\t\t\t\t<div class=\"tt-promo-table \">\n\t\t\t\t\t\t\t\t\t\t<div class=\"time\">\t\t\t\t\t\t\t\t\t\t\t\t\t\t\t  <i aria-hidden=\"true\" class=\"fas fa-stopwatch\"><\/i>\t\t\t\t\t\t\t\t\tS\u00e9ances illimit\u00e9es<\/div>\n\t\t\t\t\t\t\t\t\t\t<h6 style=\"background:#565656 \">\n\t\t\t\t\t\t\t\t\t\t\t<strong><span class=\"content_typography\">FORFAIT CODE<\/span><\/strong>\n\t\t\t\t\t\t\t\t\t\t\tA votre rythme\t\t\t\t\t\t\t\t\t\t<\/h6>\n\t\t\t\t\t\t\t\t\t\t<p><ul>\n<li>Prise en charge du dossier<\/li>\n<li>S\u00e9ances de code en auto-\u00e9cole et en ligne illimit\u00e9es pendant 6 mois<\/li>\n<li>1 livre de code<\/li>\n<li>2 accompagnements \u00e0 l'examen de code<\/li>\n<li><b>Pr\u00e9voir en plus les frais d'examen de 30\u20ac TTC<\/b><\/li>\n<\/ul><\/p>\n\t\t\t\t\t\t\t\t\t\t<div class=\"price\">\n\t\t\t\t\t\t\t\t\t\t\t<span>260\u20ac<\/span>\n\t\t\t\t\t\t\t\t\t\t\t<span><\/span>\n\t\t\t\t\t\t\t\t\t\t<\/div>\n\t\t\t\t\t\t\t\t\t\t\t\t\t\t\t\t\t\t\t\t\t<a href=\"#\" class=\"btn btn-long no-hover\" data-cid=\"6\" data-animation=\"fadeInUp\" data-animation-delay=\"0.5s\" data-toggle=\"modal\" data-target=\"#ModalOrderPackage6\">\n\t\t\t\t\t\t\t\t\t\t\t\tContactez-nous\t\t\t\t\t\t\t\t\t\t\t<\/a>\n\t\t\t\t\t\t\t\t\t\t\t\t\t\t\t\t\t\t\t\t<\/div>\n\t\t\t\t\t\t\t\t<\/div>\n\t\t\t\t\t\t\t<\/div>\n\t\t\t\t\t\t\t\t\t\t\t\t\t\t<div class=\"col-md-4\">\n\t\t\t\t\t\t\t\t<div class=\"item\">\n\t\t\t\t\t\t\t\t\t<div class=\"tt-promo-table  active\">\n\t\t\t\t\t\t\t\t\t\t<div class=\"time\">\t\t\t\t\t\t\t\t\t\t\t\t\t\t\t  <i aria-hidden=\"true\" class=\"far fa-arrow-alt-circle-down\"><\/i>\t\t\t\t\t\t\t\t\t20h de conduite<\/div>\n\t\t\t\t\t\t\t\t\t\t<h6 style=\"background: \">\n\t\t\t\t\t\t\t\t\t\t\t<strong><span class=\"content_typography\">CONDUITE ACCOMPAGNEE<\/span><\/strong>\n\t\t\t\t\t\t\t\t\t\t\tA partir de 15ans\t\t\t\t\t\t\t\t\t\t<\/h6>\n\t\t\t\t\t\t\t\t\t\t<p><ul>\n<li>1 Forfait code<\/li>\n<li>1 pochette p\u00e9dagogique<\/li>\n<li>20 heures de conduite<\/li>\n<li>2 heures RDV pr\u00e9alable \u00e0 la conduite<\/li>\n<li>1er RDV p\u00e9dagogique apr\u00e8s 1000km<br>\n(1h de conduite \n+ 2h en salle)<\/li>\n<li>2\u00e8me rendez-vous p\u00e9dagogique apr\u00e8s 3000km<br> (1h de conduite + 2h en salle)\n<li><b>Pr\u00e9voir en plus les frais d'accompagnement  \u00e0 l'examen de conduite de 49\u20ac<\/b><\/li>\n<\/ul><\/p>\n\t\t\t\t\t\t\t\t\t\t<div class=\"price\">\n\t\t\t\t\t\t\t\t\t\t\t<span>1180\u20ac<\/span>\n\t\t\t\t\t\t\t\t\t\t\t<span><\/span>\n\t\t\t\t\t\t\t\t\t\t<\/div>\n\t\t\t\t\t\t\t\t\t\t\t\t\t\t\t\t\t\t\t\t\t<a href=\"#\" class=\"btn btn-long no-hover\" data-cid=\"6\" data-animation=\"fadeInUp\" data-animation-delay=\"0.5s\" data-toggle=\"modal\" data-target=\"#ModalOrderPackage6\">\n\t\t\t\t\t\t\t\t\t\t\t\tContactez-nous\t\t\t\t\t\t\t\t\t\t\t<\/a>\n\t\t\t\t\t\t\t\t\t\t\t\t\t\t\t\t\t\t\t\t<\/div>\n\t\t\t\t\t\t\t\t<\/div>\n\t\t\t\t\t\t\t<\/div>\n\t\t\t\t\t\t\t\t\t\t\t\t\t\t<div class=\"col-md-4\">\n\t\t\t\t\t\t\t\t<div class=\"item\">\n\t\t\t\t\t\t\t\t\t<div class=\"tt-promo-table \">\n\t\t\t\t\t\t\t\t\t\t<div class=\"time\">\t\t\t\t\t\t\t\t\t\t\t\t\t\t\t  <i aria-hidden=\"true\" class=\"far fa-check-square\"><\/i>\t\t\t\t\t\t\t\t\t20h de conduite<\/div>\n\t\t\t\t\t\t\t\t\t\t<h6 style=\"background:#565656 \">\n\t\t\t\t\t\t\t\t\t\t\t<strong><span class=\"content_typography\">FORFAIT PERMIS B<\/span><\/strong>\n\t\t\t\t\t\t\t\t\t\t\tLe permis automobile\t\t\t\t\t\t\t\t\t\t<\/h6>\n\t\t\t\t\t\t\t\t\t\t<p><ul>\n<li>1 forfait code<\/li>\n<li>1 pochette p\u00e9dagogique<\/li>\n<li>20 heures de conduite<\/li>\n<li><b>Pr\u00e9voir en plus les frais d'accompagnement \u00e0 l'examen de conduite de 49\u20ac<\/b><\/li>\n<\/ul><\/p>\n\t\t\t\t\t\t\t\t\t\t<div class=\"price\">\n\t\t\t\t\t\t\t\t\t\t\t<span>1030\u20ac<\/span>\n\t\t\t\t\t\t\t\t\t\t\t<span><\/span>\n\t\t\t\t\t\t\t\t\t\t<\/div>\n\t\t\t\t\t\t\t\t\t\t\t\t\t\t\t\t\t\t\t\t\t<a href=\"#\" class=\"btn btn-long no-hover\" data-cid=\"6\" data-animation=\"fadeInUp\" data-animation-delay=\"0.5s\" data-toggle=\"modal\" data-target=\"#ModalOrderPackage6\">\n\t\t\t\t\t\t\t\t\t\t\t\tContactez-nous\t\t\t\t\t\t\t\t\t\t\t<\/a>\n\t\t\t\t\t\t\t\t\t\t\t\t\t\t\t\t\t\t\t\t<\/div>\n\t\t\t\t\t\t\t\t<\/div>\n\t\t\t\t\t\t\t<\/div>\n\t\t\t\t\t\t\t\t\t\t\t\t\t<\/div>\n\t\t\t\t\t<\/div>\n\t\t\t\t<\/div>\n\t\t\t\t<\/div>\n\t\t\t\t<\/div>\n\t\t\t\t\t\t<\/div>\n\t\t\t\t\t<\/div>\n\t\t<\/div>\n\t\t\t\t\t\t\t\t<\/div>\n\t\t\t\t\t<\/div>\n\t\t<\/section>\n\t\t\t\t<section class=\"elementor-section elementor-top-section elementor-element elementor-element-4414a738 elementor-section-stretched container-indent elementor-section-full_width elementor-section-height-default elementor-section-height-default\" data-id=\"4414a738\" data-element_type=\"section\" data-settings=\"{&quot;stretch_section&quot;:&quot;section-stretched&quot;,&quot;background_background&quot;:&quot;classic&quot;}\">\n\t\t\t\t\t\t<div class=\"elementor-container elementor-column-gap-no\">\n\t\t\t\t\t\t\t<div class=\"elementor-row\">\n\t\t\t\t\t<div class=\"elementor-column elementor-col-100 elementor-top-column elementor-element elementor-element-548868db\" data-id=\"548868db\" data-element_type=\"column\">\n\t\t\t<div class=\"elementor-column-wrap\">\n\t\t\t\t\t\t\t<div class=\"elementor-widget-wrap\">\n\t\t\t\t\t\t\t\t<\/div>\n\t\t\t\t\t<\/div>\n\t\t<\/div>\n\t\t\t\t\t\t\t\t<\/div>\n\t\t\t\t\t<\/div>\n\t\t<\/section>\n\t\t\t\t<section class=\"elementor-section elementor-top-section elementor-element elementor-element-6b25647a elementor-section-boxed elementor-section-height-default elementor-section-height-default\" data-id=\"6b25647a\" data-element_type=\"section\">\n\t\t\t\t\t\t<div class=\"elementor-container elementor-column-gap-default\">\n\t\t\t\t\t\t\t<div class=\"elementor-row\">\n\t\t\t\t\t<div class=\"elementor-column elementor-col-100 elementor-top-column elementor-element elementor-element-73291e16\" data-id=\"73291e16\" data-element_type=\"column\">\n\t\t\t<div class=\"elementor-column-wrap elementor-element-populated\">\n\t\t\t\t\t\t\t<div class=\"elementor-widget-wrap\">\n\t\t\t\t\t\t<div class=\"elementor-element elementor-element-217d78f9 elementor-widget elementor-widget-promo_banner\" data-id=\"217d78f9\" data-element_type=\"widget\" data-widget_type=\"promo_banner.default\">\n\t\t\t\t<div class=\"elementor-widget-container\">\n\t\t\t\t\t\t<div class=\"tt-promo-03\">\n\t\t\t\t<div class=\"container\">\n\t\t\t\t\t<div class=\"tt-description\">\n\t\t\t\t\t\t<h3 class=\"tt-title content_typography\">Tarifs individuels<\/h3>\n\t\t\t\t\t\t<div ><p><strong>Tarifs TTC valables jusqu'au 31\/12\/2026<\/strong><\/p>\n<ul>\n<li style=\"text-align: left;\">Prise en charge dossier : 80,00\u20ac<\/li>\n<li style=\"text-align: left;\">Evaluation de d\u00e9part : 40,00\u20ac<\/li>\n<li style=\"text-align: left;\">S\u00e9ance de code (1h) : 15,00\u20ac<\/li>\n<li style=\"text-align: left;\">Acc\u00e8s Code en ligne : 40,00\u20ac\/mois<\/li>\n<li style=\"text-align: left;\">Prolongation code 2 mois (s\u00e9ances illimit\u00e9es en salle ou en ligne) : 100,00\u20ac<\/li>\n<li style=\"text-align: left;\">Livre de code : 16.00\u20ac<\/li>\n<li style=\"text-align: left;\">Accompagnement examen de code : 40,00\u20ac<\/li>\n<li style=\"text-align: left;\">Cours de conduite (1h) : 49,00\u20ac<\/li>\n<li style=\"text-align: left;\">Rendez-vous pr\u00e9alable (2h) : 98,00\u20ac<\/li>\n<li style=\"text-align: left;\">Rendez-vous p\u00e9dagogique conduite (1h) : 49,00\u20ac<\/li>\n<li style=\"text-align: left;\">Rendez-vous p\u00e9dagogique salle (2h) : 30,00\u20ac<\/li>\n<li style=\"text-align: left;\">Accompagnement examen de conduite : 49,00\u20ac<\/li>\n<li style=\"text-align: left;\">Pochette p\u00e9dagogique (livret d'apprentissage + fiche de suivi) : 40,00\u20ac<\/li>\n<li style=\"text-align: left;\">Kit de conduite supervis\u00e9e : 20,00\u20ac<\/li>\n<li style=\"text-align: left;\">Livre de v\u00e9rifications : 10,00\u20ac<\/li>\n<\/ul>\t\t\t\t\t\t<\/div>\n\t\t\t\t\t\t<address >\n\t\t\t\t\t\t\t\t\t\t\t\t\t<\/address>\n\t\t\t\t\t\t\t\t\t\t\t<\/div>\n\t\t\t\t<\/div>\n\t\t\t<\/div>\n\t\t\t\t<\/div>\n\t\t\t\t<\/div>\n\t\t\t\t<div class=\"elementor-element elementor-element-f007a1b elementor-widget elementor-widget-driving_school_price\" data-id=\"f007a1b\" data-element_type=\"widget\" data-widget_type=\"driving_school_price.default\">\n\t\t\t\t<div class=\"elementor-widget-container\">\n\t\t\t\t\t<!-- Title Section Start -->\n\t\t\t\t<div class=\"container\">\n\t\t\t\t\t<h3 class=\"tt-title-lg text-center content_typography_title\">Nos Forfaits<\/h3>\n\t\t\t\t\t<div class=\"row\">\n\t\t\t\t\t\t<div class=\"text-center text-md max-width70\">\n\t\t\t\t\t\tTarifs TTC valables jusqu'au 31\/12\/2026\t\t\t\t\t\t<\/div>\n\t\t\t<!-- Title Section End -->\n\t\t\t\t\t\t\t\t<div class=\"tt-promo-table-carusel slick-arrow-01\" data-slick='{\"mobile_first\":\"true\",\"slides_to_show\":3,\"slides_to_scroll\":1,\"pause_on_hover\":\"true\",\"autoplay\":\"true\",\"autoplay_speed\":\"1000\",\"dots\":\"true\",\"arrows\":\"true\"}'>\n\t\t\t\t\t\t\t\t\t\t\t\t\t\t\t\t\t<div class=\"col-md-4\">\n\t\t\t\t\t\t\t\t<div class=\"item\">\n\t\t\t\t\t\t\t\t\t<div class=\"tt-promo-table \">\n\t\t\t\t\t\t\t\t\t\t<div class=\"time\">\t\t\t\t\t\t\t\t\t\t\t\t\t\t\t  <i aria-hidden=\"true\" class=\"fas fa-stopwatch\"><\/i>\t\t\t\t\t\t\t\t\tS\u00e9ances illimit\u00e9es<\/div>\n\t\t\t\t\t\t\t\t\t\t<h6 style=\"background:#565656 \">\n\t\t\t\t\t\t\t\t\t\t\t<strong><span class=\"content_typography\">FORFAIT CODE<\/span><\/strong>\n\t\t\t\t\t\t\t\t\t\t\tA votre rythme\t\t\t\t\t\t\t\t\t\t<\/h6>\n\t\t\t\t\t\t\t\t\t\t<p><ul>\n<li>Prise en charge du dossier<\/li>\n<li>S\u00e9ances de code en auto-\u00e9cole et en ligne illimit\u00e9es pendant 6 mois<\/li>\n<li>1 livre de code<\/li>\n<li>2 accompagnements \u00e0 l'examen de code<\/li>\n<li><b>Pr\u00e9voir en plus les frais d'examen de 30\u20ac TTC<\/b><\/li>\n<\/ul><\/p>\n\t\t\t\t\t\t\t\t\t\t<div class=\"price\">\n\t\t\t\t\t\t\t\t\t\t\t<span>260\u20ac<\/span>\n\t\t\t\t\t\t\t\t\t\t\t<span><\/span>\n\t\t\t\t\t\t\t\t\t\t<\/div>\n\t\t\t\t\t\t\t\t\t\t\t\t\t\t\t\t\t\t\t\t\t<a href=\"#\" class=\"btn btn-long no-hover\" data-cid=\"6\" data-animation=\"fadeInUp\" data-animation-delay=\"0.5s\" data-toggle=\"modal\" data-target=\"#ModalOrderPackage6\">\n\t\t\t\t\t\t\t\t\t\t\t\tContactez-nous\t\t\t\t\t\t\t\t\t\t\t<\/a>\n\t\t\t\t\t\t\t\t\t\t\t\t\t\t\t\t\t\t\t\t<\/div>\n\t\t\t\t\t\t\t\t<\/div>\n\t\t\t\t\t\t\t<\/div>\n\t\t\t\t\t\t\t\t\t\t\t\t\t\t<div class=\"col-md-4\">\n\t\t\t\t\t\t\t\t<div class=\"item\">\n\t\t\t\t\t\t\t\t\t<div class=\"tt-promo-table  active\">\n\t\t\t\t\t\t\t\t\t\t<div class=\"time\">\t\t\t\t\t\t\t\t\t\t\t\t\t\t\t  <i aria-hidden=\"true\" class=\"far fa-arrow-alt-circle-down\"><\/i>\t\t\t\t\t\t\t\t\t20h de conduite<\/div>\n\t\t\t\t\t\t\t\t\t\t<h6 style=\"background: \">\n\t\t\t\t\t\t\t\t\t\t\t<strong><span class=\"content_typography\">CONDUITE ACCOMPAGNEE<\/span><\/strong>\n\t\t\t\t\t\t\t\t\t\t\tA partir de 15ans\t\t\t\t\t\t\t\t\t\t<\/h6>\n\t\t\t\t\t\t\t\t\t\t<p><ul>\n<li>1 Forfait code<\/li>\n<li>1 pochette p\u00e9dagogique<\/li>\n<li>20 heures de conduite<\/li>\n<li>2 heures RDV pr\u00e9alable \u00e0 la conduite<\/li>\n<li>1er RDV p\u00e9dagogique apr\u00e8s 1000km<br>\n(1h de conduite \n+ 2h en salle)<\/li>\n<li>2\u00e8me rendez-vous p\u00e9dagogique apr\u00e8s 3000km<br> (1h de conduite + 2h en salle)\n<li><b>Pr\u00e9voir en plus les frais d'accompagnement  \u00e0 l'examen de conduite de 49\u20ac<\/b><\/li>\n<\/ul><\/p>\n\t\t\t\t\t\t\t\t\t\t<div class=\"price\">\n\t\t\t\t\t\t\t\t\t\t\t<span>1180\u20ac<\/span>\n\t\t\t\t\t\t\t\t\t\t\t<span><\/span>\n\t\t\t\t\t\t\t\t\t\t<\/div>\n\t\t\t\t\t\t\t\t\t\t\t\t\t\t\t\t\t\t\t\t\t<a href=\"#\" class=\"btn btn-long no-hover\" data-cid=\"6\" data-animation=\"fadeInUp\" data-animation-delay=\"0.5s\" data-toggle=\"modal\" data-target=\"#ModalOrderPackage6\">\n\t\t\t\t\t\t\t\t\t\t\t\tContactez-nous\t\t\t\t\t\t\t\t\t\t\t<\/a>\n\t\t\t\t\t\t\t\t\t\t\t\t\t\t\t\t\t\t\t\t<\/div>\n\t\t\t\t\t\t\t\t<\/div>\n\t\t\t\t\t\t\t<\/div>\n\t\t\t\t\t\t\t\t\t\t\t\t\t\t<div class=\"col-md-4\">\n\t\t\t\t\t\t\t\t<div class=\"item\">\n\t\t\t\t\t\t\t\t\t<div class=\"tt-promo-table \">\n\t\t\t\t\t\t\t\t\t\t<div class=\"time\">\t\t\t\t\t\t\t\t\t\t\t\t\t\t\t  <i aria-hidden=\"true\" class=\"far fa-check-square\"><\/i>\t\t\t\t\t\t\t\t\t20h de conduite<\/div>\n\t\t\t\t\t\t\t\t\t\t<h6 style=\"background:#565656 \">\n\t\t\t\t\t\t\t\t\t\t\t<strong><span class=\"content_typography\">FORFAIT PERMIS B<\/span><\/strong>\n\t\t\t\t\t\t\t\t\t\t\tLe permis automobile\t\t\t\t\t\t\t\t\t\t<\/h6>\n\t\t\t\t\t\t\t\t\t\t<p><ul>\n<li>1 forfait code<\/li>\n<li>1 pochette p\u00e9dagogique<\/li>\n<li>20 heures de conduite<\/li>\n<li><b>Pr\u00e9voir en plus les frais d'accompagnement \u00e0 l'examen de conduite de 49\u20ac<\/b><\/li>\n<\/ul><\/p>\n\t\t\t\t\t\t\t\t\t\t<div class=\"price\">\n\t\t\t\t\t\t\t\t\t\t\t<span>1030\u20ac<\/span>\n\t\t\t\t\t\t\t\t\t\t\t<span><\/span>\n\t\t\t\t\t\t\t\t\t\t<\/div>\n\t\t\t\t\t\t\t\t\t\t\t\t\t\t\t\t\t\t\t\t\t<a href=\"#\" class=\"btn btn-long no-hover\" data-cid=\"6\" data-animation=\"fadeInUp\" data-animation-delay=\"0.5s\" data-toggle=\"modal\" data-target=\"#ModalOrderPackage6\">\n\t\t\t\t\t\t\t\t\t\t\t\tContactez-nous\t\t\t\t\t\t\t\t\t\t\t<\/a>\n\t\t\t\t\t\t\t\t\t\t\t\t\t\t\t\t\t\t\t\t<\/div>\n\t\t\t\t\t\t\t\t<\/div>\n\t\t\t\t\t\t\t<\/div>\n\t\t\t\t\t\t\t\t\t\t\t\t\t<\/div>\n\t\t\t\t\t<\/div>\n\t\t\t\t<\/div>\n\t\t\t\t<\/div>\n\t\t\t\t<\/div>\n\t\t\t\t\t\t<\/div>\n\t\t\t\t\t<\/div>\n\t\t<\/div>\n\t\t\t\t\t\t\t\t<\/div>\n\t\t\t\t\t<\/div>\n\t\t<\/section>\n\t\t\t\t\t\t\t\t\t<\/div>\n\t\t\t<\/div>\n\t\t\t\t\t<\/div>\n\t\t","protected":false},"excerpt":{"rendered":"<p>Tarifs individuels Tarifs TTC valables jusqu&#8217;au 31\/12\/2026 Prise en charge dossier : 80,00\u20ac Evaluation de d\u00e9part : 40,00\u20ac S\u00e9ance de code (1h) : 15,00\u20ac Acc\u00e8s Code en ligne : 40,00\u20ac\/mois Prolongation code 2 mois (s\u00e9ances illimit\u00e9es en salle ou en ligne) : 100,00\u20ac Livre de code : 16.00\u20ac Accompagnement examen de code : 40,00\u20ac Cours [&hellip;]<\/p>\n","protected":false},"author":1,"featured_media":0,"parent":0,"menu_order":0,"comment_status":"closed","ping_status":"closed","template":"","meta":[],"yoast_head":"<!-- This site is optimized with the Yoast SEO plugin v20.4 - https:\/\/yoast.com\/wordpress\/plugins\/seo\/ -->\n<title>Tarifs - Chez-Laurette Auto-Ecole<\/title>\n<meta name=\"robots\" content=\"index, follow, max-snippet:-1, max-image-preview:large, max-video-preview:-1\" \/>\n<link rel=\"canonical\" href=\"http:\/\/proxygen-informatique.fr\/chezlaurette\/tarifs\/\" \/>\n<meta property=\"og:locale\" content=\"fr_FR\" \/>\n<meta property=\"og:type\" content=\"article\" \/>\n<meta property=\"og:title\" content=\"Tarifs - Chez-Laurette Auto-Ecole\" \/>\n<meta property=\"og:description\" content=\"Tarifs individuels Tarifs TTC valables jusqu&#8217;au 31\/12\/2026 Prise en charge dossier : 80,00\u20ac Evaluation de d\u00e9part : 40,00\u20ac S\u00e9ance de code (1h) : 15,00\u20ac Acc\u00e8s Code en ligne : 40,00\u20ac\/mois Prolongation code 2 mois (s\u00e9ances illimit\u00e9es en salle ou en ligne) : 100,00\u20ac Livre de code : 16.00\u20ac Accompagnement examen de code : 40,00\u20ac Cours [&hellip;]\" \/>\n<meta property=\"og:url\" content=\"http:\/\/proxygen-informatique.fr\/chezlaurette\/tarifs\/\" \/>\n<meta property=\"og:site_name\" content=\"Chez-Laurette Auto-Ecole\" \/>\n<meta property=\"article:modified_time\" content=\"2026-03-12T16:33:52+00:00\" \/>\n<meta name=\"twitter:card\" content=\"summary_large_image\" \/>\n<meta name=\"twitter:label1\" content=\"Dur\u00e9e de lecture estim\u00e9e\" \/>\n\t<meta name=\"twitter:data1\" content=\"3 minutes\" \/>\n<script type=\"application\/ld+json\" class=\"yoast-schema-graph\">{\"@context\":\"https:\/\/schema.org\",\"@graph\":[{\"@type\":\"WebPage\",\"@id\":\"http:\/\/proxygen-informatique.fr\/chezlaurette\/tarifs\/\",\"url\":\"http:\/\/proxygen-informatique.fr\/chezlaurette\/tarifs\/\",\"name\":\"Tarifs - Chez-Laurette Auto-Ecole\",\"isPartOf\":{\"@id\":\"http:\/\/proxygen-informatique.fr\/chezlaurette\/#website\"},\"datePublished\":\"2021-02-01T10:15:45+00:00\",\"dateModified\":\"2026-03-12T16:33:52+00:00\",\"breadcrumb\":{\"@id\":\"http:\/\/proxygen-informatique.fr\/chezlaurette\/tarifs\/#breadcrumb\"},\"inLanguage\":\"fr-FR\",\"potentialAction\":[{\"@type\":\"ReadAction\",\"target\":[\"http:\/\/proxygen-informatique.fr\/chezlaurette\/tarifs\/\"]}]},{\"@type\":\"BreadcrumbList\",\"@id\":\"http:\/\/proxygen-informatique.fr\/chezlaurette\/tarifs\/#breadcrumb\",\"itemListElement\":[{\"@type\":\"ListItem\",\"position\":1,\"name\":\"Home\",\"item\":\"http:\/\/proxygen-informatique.fr\/chezlaurette\/\"},{\"@type\":\"ListItem\",\"position\":2,\"name\":\"Tarifs\"}]},{\"@type\":\"WebSite\",\"@id\":\"http:\/\/proxygen-informatique.fr\/chezlaurette\/#website\",\"url\":\"http:\/\/proxygen-informatique.fr\/chezlaurette\/\",\"name\":\"Chez-Laurette Auto-Ecole\",\"description\":\"\",\"publisher\":{\"@id\":\"http:\/\/proxygen-informatique.fr\/chezlaurette\/#organization\"},\"potentialAction\":[{\"@type\":\"SearchAction\",\"target\":{\"@type\":\"EntryPoint\",\"urlTemplate\":\"http:\/\/proxygen-informatique.fr\/chezlaurette\/?s={search_term_string}\"},\"query-input\":\"required name=search_term_string\"}],\"inLanguage\":\"fr-FR\"},{\"@type\":\"Organization\",\"@id\":\"http:\/\/proxygen-informatique.fr\/chezlaurette\/#organization\",\"name\":\"Chea Laurette Auto-Ecole\",\"url\":\"http:\/\/proxygen-informatique.fr\/chezlaurette\/\",\"logo\":{\"@type\":\"ImageObject\",\"inLanguage\":\"fr-FR\",\"@id\":\"http:\/\/proxygen-informatique.fr\/chezlaurette\/#\/schema\/logo\/image\/\",\"url\":\"https:\/\/proxygen-informatique.fr\/chezlaurette\/wp-content\/uploads\/2021\/01\/logo.png\",\"contentUrl\":\"https:\/\/proxygen-informatique.fr\/chezlaurette\/wp-content\/uploads\/2021\/01\/logo.png\",\"width\":273,\"height\":100,\"caption\":\"Chea Laurette Auto-Ecole\"},\"image\":{\"@id\":\"http:\/\/proxygen-informatique.fr\/chezlaurette\/#\/schema\/logo\/image\/\"}}]}<\/script>\n<!-- \/ Yoast SEO plugin. -->","yoast_head_json":{"title":"Tarifs - Chez-Laurette Auto-Ecole","robots":{"index":"index","follow":"follow","max-snippet":"max-snippet:-1","max-image-preview":"max-image-preview:large","max-video-preview":"max-video-preview:-1"},"canonical":"http:\/\/proxygen-informatique.fr\/chezlaurette\/tarifs\/","og_locale":"fr_FR","og_type":"article","og_title":"Tarifs - Chez-Laurette Auto-Ecole","og_description":"Tarifs individuels Tarifs TTC valables jusqu&#8217;au 31\/12\/2026 Prise en charge dossier : 80,00\u20ac Evaluation de d\u00e9part : 40,00\u20ac S\u00e9ance de code (1h) : 15,00\u20ac Acc\u00e8s Code en ligne : 40,00\u20ac\/mois Prolongation code 2 mois (s\u00e9ances illimit\u00e9es en salle ou en ligne) : 100,00\u20ac Livre de code : 16.00\u20ac Accompagnement examen de code : 40,00\u20ac Cours [&hellip;]","og_url":"http:\/\/proxygen-informatique.fr\/chezlaurette\/tarifs\/","og_site_name":"Chez-Laurette Auto-Ecole","article_modified_time":"2026-03-12T16:33:52+00:00","twitter_card":"summary_large_image","twitter_misc":{"Dur\u00e9e de lecture estim\u00e9e":"3 minutes"},"schema":{"@context":"https:\/\/schema.org","@graph":[{"@type":"WebPage","@id":"http:\/\/proxygen-informatique.fr\/chezlaurette\/tarifs\/","url":"http:\/\/proxygen-informatique.fr\/chezlaurette\/tarifs\/","name":"Tarifs - Chez-Laurette Auto-Ecole","isPartOf":{"@id":"http:\/\/proxygen-informatique.fr\/chezlaurette\/#website"},"datePublished":"2021-02-01T10:15:45+00:00","dateModified":"2026-03-12T16:33:52+00:00","breadcrumb":{"@id":"http:\/\/proxygen-informatique.fr\/chezlaurette\/tarifs\/#breadcrumb"},"inLanguage":"fr-FR","potentialAction":[{"@type":"ReadAction","target":["http:\/\/proxygen-informatique.fr\/chezlaurette\/tarifs\/"]}]},{"@type":"BreadcrumbList","@id":"http:\/\/proxygen-informatique.fr\/chezlaurette\/tarifs\/#breadcrumb","itemListElement":[{"@type":"ListItem","position":1,"name":"Home","item":"http:\/\/proxygen-informatique.fr\/chezlaurette\/"},{"@type":"ListItem","position":2,"name":"Tarifs"}]},{"@type":"WebSite","@id":"http:\/\/proxygen-informatique.fr\/chezlaurette\/#website","url":"http:\/\/proxygen-informatique.fr\/chezlaurette\/","name":"Chez-Laurette Auto-Ecole","description":"","publisher":{"@id":"http:\/\/proxygen-informatique.fr\/chezlaurette\/#organization"},"potentialAction":[{"@type":"SearchAction","target":{"@type":"EntryPoint","urlTemplate":"http:\/\/proxygen-informatique.fr\/chezlaurette\/?s={search_term_string}"},"query-input":"required name=search_term_string"}],"inLanguage":"fr-FR"},{"@type":"Organization","@id":"http:\/\/proxygen-informatique.fr\/chezlaurette\/#organization","name":"Chea Laurette Auto-Ecole","url":"http:\/\/proxygen-informatique.fr\/chezlaurette\/","logo":{"@type":"ImageObject","inLanguage":"fr-FR","@id":"http:\/\/proxygen-informatique.fr\/chezlaurette\/#\/schema\/logo\/image\/","url":"https:\/\/proxygen-informatique.fr\/chezlaurette\/wp-content\/uploads\/2021\/01\/logo.png","contentUrl":"https:\/\/proxygen-informatique.fr\/chezlaurette\/wp-content\/uploads\/2021\/01\/logo.png","width":273,"height":100,"caption":"Chea Laurette Auto-Ecole"},"image":{"@id":"http:\/\/proxygen-informatique.fr\/chezlaurette\/#\/schema\/logo\/image\/"}}]}},"_links":{"self":[{"href":"http:\/\/proxygen-informatique.fr\/chezlaurette\/wp-json\/wp\/v2\/pages\/2460"}],"collection":[{"href":"http:\/\/proxygen-informatique.fr\/chezlaurette\/wp-json\/wp\/v2\/pages"}],"about":[{"href":"http:\/\/proxygen-informatique.fr\/chezlaurette\/wp-json\/wp\/v2\/types\/page"}],"author":[{"embeddable":true,"href":"http:\/\/proxygen-informatique.fr\/chezlaurette\/wp-json\/wp\/v2\/users\/1"}],"replies":[{"embeddable":true,"href":"http:\/\/proxygen-informatique.fr\/chezlaurette\/wp-json\/wp\/v2\/comments?post=2460"}],"version-history":[{"count":73,"href":"http:\/\/proxygen-informatique.fr\/chezlaurette\/wp-json\/wp\/v2\/pages\/2460\/revisions"}],"predecessor-version":[{"id":2803,"href":"http:\/\/proxygen-informatique.fr\/chezlaurette\/wp-json\/wp\/v2\/pages\/2460\/revisions\/2803"}],"wp:attachment":[{"href":"http:\/\/proxygen-informatique.fr\/chezlaurette\/wp-json\/wp\/v2\/media?parent=2460"}],"curies":[{"name":"wp","href":"https:\/\/api.w.org\/{rel}","templated":true}]}}