{"id":77,"date":"2021-01-26T10:15:15","date_gmt":"2021-01-26T09:15:15","guid":{"rendered":"https:\/\/smartdata.tonytemplates.com\/driving-school\/?page_id=77"},"modified":"2022-05-04T16:57:44","modified_gmt":"2022-05-04T14:57:44","slug":"who-is","status":"publish","type":"page","link":"http:\/\/proxygen-informatique.fr\/chezlaurette\/who-is\/","title":{"rendered":"Qui sommes-nous ?"},"content":{"rendered":"\t\t<div data-elementor-type=\"wp-page\" data-elementor-id=\"77\" class=\"elementor elementor-77\">\n\t\t\t\t\t\t<div class=\"elementor-inner\">\n\t\t\t\t<div class=\"elementor-section-wrap\">\n\t\t\t\t\t\t\t\t\t<section class=\"elementor-section elementor-top-section elementor-element elementor-element-79245cd elementor-section-stretched elementor-section-full_width elementor-section-height-default elementor-section-height-default\" data-id=\"79245cd\" data-element_type=\"section\" data-settings=\"{&quot;stretch_section&quot;:&quot;section-stretched&quot;}\">\n\t\t\t\t\t\t<div class=\"elementor-container elementor-column-gap-no\">\n\t\t\t\t\t\t\t<div class=\"elementor-row\">\n\t\t\t\t\t<div class=\"elementor-column elementor-col-100 elementor-top-column elementor-element elementor-element-ae404e8\" data-id=\"ae404e8\" data-element_type=\"column\">\n\t\t\t<div class=\"elementor-column-wrap elementor-element-populated\">\n\t\t\t\t\t\t\t<div class=\"elementor-widget-wrap\">\n\t\t\t\t\t\t<div class=\"elementor-element elementor-element-3840e43 elementor-widget elementor-widget-driving_school_ready\" data-id=\"3840e43\" data-element_type=\"widget\" data-widget_type=\"driving_school_ready.default\">\n\t\t\t\t<div class=\"elementor-widget-container\">\n\t\t\t\n\t\t\t\t\t<div class=\"\">\n\t\t\t<div class=\"container\">\n\t\t\t\t<h1 class=\"tt-title-lg text-center title-sub-page\">A Propos de notre \u00e9cole<\/h1>\n\t\t\t\t<div class=\"row row-img-left\">\n\t\t\t\t\t<div class=\"col-md-12 col-lg-6 col-img\">\n\t\t\t\t\t\t<img decoding=\"async\" class=\"img-responsive\" src=\"http:\/\/proxygen-informatique.fr\/chezlaurette\/wp-content\/uploads\/2017\/10\/img-01.jpg\" alt=\"\">\n\t\t\t\t\t<\/div>\n\t\t\t\t\t<div class=\"col-md-12 col-lg-6 col-content\">\n\t\t\t\t\t\t<h6 class=\"content_typography tt-title-md\">\n\t\t\t\t\t\t\tLe\u00e7ons de conduite, abordables, professionnelles et d\u00e9tendues !\t\t\t\t\t\t<\/h6>\n\t\t\t\t\t\t<p id=\"tw-target-text\" class=\"tw-data-text tw-text-large XcVN5d tw-ta\" dir=\"ltr\" data-placeholder=\"Traduction\"><span lang=\"fr\">L'\u00e9cole de conduite Chez Laurette Auto-Ecole a con\u00e7u des cours en pensant aux \u00e9tudiants occup\u00e9s. Nous avons un syst\u00e8me de cours tr\u00e8s flexible qui permet aux \u00e9tudiants de suivre les cours dans l'ordre de leur choix et \u00e0 leur propre rythme.<\/span><\/p><ul class=\"list-icon offset-top\"><li>Nous proposons une planification flexible sur 5 jours de la semaine.<\/li><li>Nous proposons un environnement d'apprentissage d\u00e9tendu.<\/li><li>Nous proposons un service de qualit\u00e9 \u00e0 prix mod\u00e9r\u00e9s.<\/li><\/ul>\t\t\t\t\t<\/div>\n\t\t\t\t<\/div>\n\t\t\t<\/div>\n\t\t<\/div>\n\n\t\t\t\t\n\t\t\n\t\t\t\t<\/div>\n\t\t\t\t<\/div>\n\t\t\t\t\t\t<\/div>\n\t\t\t\t\t<\/div>\n\t\t<\/div>\n\t\t\t\t\t\t\t\t<\/div>\n\t\t\t\t\t<\/div>\n\t\t<\/section>\n\t\t\t\t<section class=\"elementor-section elementor-top-section elementor-element elementor-element-0e1e71d elementor-section-stretched elementor-section-full_width container-indent elementor-section-height-default elementor-section-height-default\" data-id=\"0e1e71d\" data-element_type=\"section\" data-settings=\"{&quot;stretch_section&quot;:&quot;section-stretched&quot;}\">\n\t\t\t\t\t\t<div class=\"elementor-container elementor-column-gap-no\">\n\t\t\t\t\t\t\t<div class=\"elementor-row\">\n\t\t\t\t\t<div class=\"elementor-column elementor-col-100 elementor-top-column elementor-element elementor-element-70ba441\" data-id=\"70ba441\" data-element_type=\"column\">\n\t\t\t<div class=\"elementor-column-wrap elementor-element-populated\">\n\t\t\t\t\t\t\t<div class=\"elementor-widget-wrap\">\n\t\t\t\t\t\t<div class=\"elementor-element elementor-element-9d02d9c elementor-widget elementor-widget-how_it_work\" data-id=\"9d02d9c\" data-element_type=\"widget\" data-widget_type=\"how_it_work.default\">\n\t\t\t\t<div class=\"elementor-widget-container\">\n\t\t\t\t\t\n\t\t<!-- New edition -->\n\t\t\n\t\t\t<div class=\"container\">\n\t\t\t\t<h3 class=\"tt-title-lg text-center content_typography\">Comment cela fonctionne?<\/h3>\n\t\t\t\t<div class=\"text-center text-md max-width75\">Vous n'\u00eates qu'\u00e0 quelques pas de votre premi\u00e8re le\u00e7on...<\/div>\n\t\t\t\t<div class=\"box-step\">\n\t\t\t\t\t<img decoding=\"async\" class=\"img-responsive\" src=\"http:\/\/proxygen-informatique.fr\/chezlaurette\/wp-content\/uploads\/2021\/01\/shema.fw_.png\" alt=\"\">\n\t\t\t\t<\/div>\n\t\t\t<\/div>\n\t\t\t\n\t\t<!-- New edition -->\n\n\t\t\t\t<\/div>\n\t\t\t\t<\/div>\n\t\t\t\t\t\t<\/div>\n\t\t\t\t\t<\/div>\n\t\t<\/div>\n\t\t\t\t\t\t\t\t<\/div>\n\t\t\t\t\t<\/div>\n\t\t<\/section>\n\t\t\t\t<section class=\"elementor-section elementor-top-section elementor-element elementor-element-33d2958 elementor-section-stretched elementor-section-full_width container-indent elementor-section-height-default elementor-section-height-default\" data-id=\"33d2958\" data-element_type=\"section\" data-settings=\"{&quot;stretch_section&quot;:&quot;section-stretched&quot;}\">\n\t\t\t\t\t\t<div class=\"elementor-container elementor-column-gap-no\">\n\t\t\t\t\t\t\t<div class=\"elementor-row\">\n\t\t\t\t\t<div class=\"elementor-column elementor-col-100 elementor-top-column elementor-element elementor-element-5b3adbd\" data-id=\"5b3adbd\" data-element_type=\"column\">\n\t\t\t<div class=\"elementor-column-wrap elementor-element-populated\">\n\t\t\t\t\t\t\t<div class=\"elementor-widget-wrap\">\n\t\t\t\t\t\t<div class=\"elementor-element elementor-element-ffabb7b elementor-widget elementor-widget-driving_school_team_carousel\" data-id=\"ffabb7b\" data-element_type=\"widget\" data-widget_type=\"driving_school_team_carousel.default\">\n\t\t\t\t<div class=\"elementor-widget-container\">\n\t\t\t\n\t\t\t<div class=\"container\">\n\t\t\t\t<h3 class=\"tt-title-lg text-center content_typography\">Notre \u00e9quipe<\/h3>\n\t\t\t\t<div class=\"text-center  text-md\">Nous avons les meilleurs moniteurs !<\/div>\n\t\t\t\t<div class=\"row\">\n\t\t\t\t\t<div class=\"tt-carusel tt-carusel-top slick-arrow-02 slick-arrow-01\" data-slick='{\"mobile_first\":\"true\",\"slides_to_show\":3,\"slides_to_scroll\":1,\"pause_on_hover\":\"true\",\"autoplay\":\"true\",\"autoplay_speed\":\"3200\",\"dots\":\"true\",\"arrows\":\"true\"}'>\n\t\t\t\t\t\t\t\t<div class=\"item\">\n\t\t\t\t\t\t\t<a href=\"#\"  target=\"_blank\"  rel=\"nofollow\"  class=\"tt-box-subjects1\">\n\t\t\t\t\t\t\t\t<div class=\"img\"><img width=\"437\" height=\"291\" src=\"http:\/\/proxygen-informatique.fr\/chezlaurette\/wp-content\/uploads\/2021\/01\/25310-180917100640422-0-590x396-1-437x291.jpg\" class=\"attachment-dricub-driving-schools-team-thumbnail size-dricub-driving-schools-team-thumbnail\" alt=\"\" decoding=\"async\" loading=\"lazy\" \/><\/div>\n\t\t\t\t\t\t\t\t<div class=\"description\">\n\t\t\t<h6 class=\"content_typography\">Laurette<\/h6>\t\t\t\t\t\t\t\t<p>Cr\u00e9atrice de Laurette Auto-\u00e9cole<\/p>\n\t\t\t\t\t\t\t\t\t\t\t<\/div>\n\t\t\t\t\t\t\t<\/a>\n\t\t\t\t\t\t<\/div>\n\t\t\t\t\t\t\t\t\t<div class=\"item\">\n\t\t\t\t\t\t\t<a href=\"#\"  target=\"_blank\"  rel=\"nofollow\"  class=\"tt-box-subjects1\">\n\t\t\t\t\t\t\t\t<div class=\"img\"><img width=\"462\" height=\"291\" src=\"http:\/\/proxygen-informatique.fr\/chezlaurette\/wp-content\/uploads\/2017\/10\/tt-carusel-img01-02-462x291.png\" class=\"attachment-dricub-driving-schools-team-thumbnail size-dricub-driving-schools-team-thumbnail\" alt=\"\" decoding=\"async\" loading=\"lazy\" \/><\/div>\n\t\t\t\t\t\t\t\t<div class=\"description\">\n\t\t\t<h6 class=\"content_typography\">Christopher Banks<\/h6>\t\t\t\t\t\t\t\t<p>Program Director \/ Senior Driving Coach<\/p>\n\t\t\t\t\t\t\t\t\t\t\t<\/div>\n\t\t\t\t\t\t\t<\/a>\n\t\t\t\t\t\t<\/div>\n\t\t\t\t\t\t\t\t\t<div class=\"item\">\n\t\t\t\t\t\t\t<a href=\"#\"  target=\"_blank\"  rel=\"nofollow\"  class=\"tt-box-subjects1\">\n\t\t\t\t\t\t\t\t<div class=\"img\"><img width=\"462\" height=\"291\" src=\"http:\/\/proxygen-informatique.fr\/chezlaurette\/wp-content\/uploads\/2017\/10\/tt-carusel-img01-03-462x291.png\" class=\"attachment-dricub-driving-schools-team-thumbnail size-dricub-driving-schools-team-thumbnail\" alt=\"\" decoding=\"async\" loading=\"lazy\" \/><\/div>\n\t\t\t\t\t\t\t\t<div class=\"description\">\n\t\t\t<h6 class=\"content_typography\">Program for Seniors<\/h6>\t\t\t\t\t\t\t\t<p>Driving Coach<\/p>\n\t\t\t\t\t\t\t\t\t\t\t<\/div>\n\t\t\t\t\t\t\t<\/a>\n\t\t\t\t\t\t<\/div>\n\t\t\t\t\t\t\t\t<\/div>\n\t\t\t\t<\/div>\n\t\t\t<\/div>\n\t\t\t\t<\/div>\n\t\t\t\t<\/div>\n\t\t\t\t\t\t<\/div>\n\t\t\t\t\t<\/div>\n\t\t<\/div>\n\t\t\t\t\t\t\t\t<\/div>\n\t\t\t\t\t<\/div>\n\t\t<\/section>\n\t\t\t\t<section class=\"elementor-section elementor-top-section elementor-element elementor-element-8934ced elementor-section-stretched elementor-section-full_width container-indent elementor-section-height-default elementor-section-height-default\" data-id=\"8934ced\" data-element_type=\"section\" data-settings=\"{&quot;stretch_section&quot;:&quot;section-stretched&quot;}\">\n\t\t\t\t\t\t<div class=\"elementor-container elementor-column-gap-no\">\n\t\t\t\t\t\t\t<div class=\"elementor-row\">\n\t\t\t\t\t<div class=\"elementor-column elementor-col-100 elementor-top-column elementor-element elementor-element-28c34d6\" data-id=\"28c34d6\" data-element_type=\"column\">\n\t\t\t<div class=\"elementor-column-wrap elementor-element-populated\">\n\t\t\t\t\t\t\t<div class=\"elementor-widget-wrap\">\n\t\t\t\t\t\t<div class=\"elementor-element elementor-element-fd71607 elementor-widget elementor-widget-promo4banner\" data-id=\"fd71607\" data-element_type=\"widget\" data-widget_type=\"promo4banner.default\">\n\t\t\t\t<div class=\"elementor-widget-container\">\n\t\t\t\t\t\t<div class=\"container\">\n\t\t\t\t<div class=\"tt-promo-04\" style=\"background: url(http:\/\/proxygen-informatique.fr\/chezlaurette\/wp-content\/uploads\/2017\/10\/tt-promo-04.jpg)  0 0 repeat;\">\n\t\t\t\t\t<div class=\"description\">\n\t\t\t\t\t\t<h6 class=\"content_typography\">Pr\u00e9parez vos moteurs !<\/h6>\n\t\t\t\t\t\t<p >Notre \u00e9cole de conduite vous mettra sur la route dans les meilleurs conditions.<\/p>\n\t\t\t\t\t\t\t\t\t\t\t\t<a class=\"btn btn-long inverse\" href=\"#\" data-toggle=\"modal\" data-target=\"#ModalOrderPackage6\">CONTACTEZ-NOUS<\/a>\n\t\t\t\t\t\t\t\t\t\t\t<\/div>\n\t\t\t\t<\/div>\n\t\t\t<\/div>\n\n\n\t\t\t\t<\/div>\n\t\t\t\t<\/div>\n\t\t\t\t\t\t<\/div>\n\t\t\t\t\t<\/div>\n\t\t<\/div>\n\t\t\t\t\t\t\t\t<\/div>\n\t\t\t\t\t<\/div>\n\t\t<\/section>\n\t\t\t\t\t\t\t\t\t<\/div>\n\t\t\t<\/div>\n\t\t\t\t\t<\/div>\n\t\t","protected":false},"excerpt":{"rendered":"<p>A Propos de notre \u00e9cole Le\u00e7ons de conduite, abordables, professionnelles et d\u00e9tendues ! L&#8217;\u00e9cole de conduite Chez Laurette Auto-Ecole a con\u00e7u des cours en pensant aux \u00e9tudiants occup\u00e9s. Nous avons un syst\u00e8me de cours tr\u00e8s flexible qui permet aux \u00e9tudiants de suivre les cours dans l&#8217;ordre de leur choix et \u00e0 leur propre rythme. Nous [&hellip;]<\/p>\n","protected":false},"author":1,"featured_media":0,"parent":0,"menu_order":0,"comment_status":"closed","ping_status":"closed","template":"","meta":[],"yoast_head":"<!-- This site is optimized with the Yoast SEO plugin v20.4 - https:\/\/yoast.com\/wordpress\/plugins\/seo\/ -->\n<title>Qui sommes-nous ? - Chez-Laurette Auto-Ecole<\/title>\n<meta name=\"robots\" content=\"index, follow, max-snippet:-1, max-image-preview:large, max-video-preview:-1\" \/>\n<link rel=\"canonical\" href=\"http:\/\/proxygen-informatique.fr\/chezlaurette\/who-is\/\" \/>\n<meta property=\"og:locale\" content=\"fr_FR\" \/>\n<meta property=\"og:type\" content=\"article\" \/>\n<meta property=\"og:title\" content=\"Qui sommes-nous ? - Chez-Laurette Auto-Ecole\" \/>\n<meta property=\"og:description\" content=\"A Propos de notre \u00e9cole Le\u00e7ons de conduite, abordables, professionnelles et d\u00e9tendues ! L&#8217;\u00e9cole de conduite Chez Laurette Auto-Ecole a con\u00e7u des cours en pensant aux \u00e9tudiants occup\u00e9s. Nous avons un syst\u00e8me de cours tr\u00e8s flexible qui permet aux \u00e9tudiants de suivre les cours dans l&#8217;ordre de leur choix et \u00e0 leur propre rythme. Nous [&hellip;]\" \/>\n<meta property=\"og:url\" content=\"http:\/\/proxygen-informatique.fr\/chezlaurette\/who-is\/\" \/>\n<meta property=\"og:site_name\" content=\"Chez-Laurette Auto-Ecole\" \/>\n<meta property=\"article:modified_time\" content=\"2022-05-04T14:57:44+00:00\" \/>\n<meta property=\"og:image\" content=\"http:\/\/proxygen-informatique.fr\/chezlaurette\/wp-content\/uploads\/2017\/10\/img-01.jpg\" \/>\n<meta name=\"twitter:card\" content=\"summary_large_image\" \/>\n<meta name=\"twitter:label1\" content=\"Dur\u00e9e de lecture estim\u00e9e\" \/>\n\t<meta name=\"twitter:data1\" content=\"2 minutes\" \/>\n<script type=\"application\/ld+json\" class=\"yoast-schema-graph\">{\"@context\":\"https:\/\/schema.org\",\"@graph\":[{\"@type\":\"WebPage\",\"@id\":\"http:\/\/proxygen-informatique.fr\/chezlaurette\/who-is\/\",\"url\":\"http:\/\/proxygen-informatique.fr\/chezlaurette\/who-is\/\",\"name\":\"Qui sommes-nous ? - Chez-Laurette Auto-Ecole\",\"isPartOf\":{\"@id\":\"https:\/\/proxygen-informatique.fr\/chezlaurette\/#website\"},\"datePublished\":\"2021-01-26T09:15:15+00:00\",\"dateModified\":\"2022-05-04T14:57:44+00:00\",\"breadcrumb\":{\"@id\":\"http:\/\/proxygen-informatique.fr\/chezlaurette\/who-is\/#breadcrumb\"},\"inLanguage\":\"fr-FR\",\"potentialAction\":[{\"@type\":\"ReadAction\",\"target\":[\"http:\/\/proxygen-informatique.fr\/chezlaurette\/who-is\/\"]}]},{\"@type\":\"BreadcrumbList\",\"@id\":\"http:\/\/proxygen-informatique.fr\/chezlaurette\/who-is\/#breadcrumb\",\"itemListElement\":[{\"@type\":\"ListItem\",\"position\":1,\"name\":\"Home\",\"item\":\"https:\/\/proxygen-informatique.fr\/chezlaurette\/\"},{\"@type\":\"ListItem\",\"position\":2,\"name\":\"Qui sommes-nous ?\"}]},{\"@type\":\"WebSite\",\"@id\":\"https:\/\/proxygen-informatique.fr\/chezlaurette\/#website\",\"url\":\"https:\/\/proxygen-informatique.fr\/chezlaurette\/\",\"name\":\"Chez-Laurette Auto-Ecole\",\"description\":\"\",\"publisher\":{\"@id\":\"https:\/\/proxygen-informatique.fr\/chezlaurette\/#organization\"},\"potentialAction\":[{\"@type\":\"SearchAction\",\"target\":{\"@type\":\"EntryPoint\",\"urlTemplate\":\"https:\/\/proxygen-informatique.fr\/chezlaurette\/?s={search_term_string}\"},\"query-input\":\"required name=search_term_string\"}],\"inLanguage\":\"fr-FR\"},{\"@type\":\"Organization\",\"@id\":\"https:\/\/proxygen-informatique.fr\/chezlaurette\/#organization\",\"name\":\"Chea Laurette Auto-Ecole\",\"url\":\"https:\/\/proxygen-informatique.fr\/chezlaurette\/\",\"logo\":{\"@type\":\"ImageObject\",\"inLanguage\":\"fr-FR\",\"@id\":\"https:\/\/proxygen-informatique.fr\/chezlaurette\/#\/schema\/logo\/image\/\",\"url\":\"https:\/\/proxygen-informatique.fr\/chezlaurette\/wp-content\/uploads\/2021\/01\/logo.png\",\"contentUrl\":\"https:\/\/proxygen-informatique.fr\/chezlaurette\/wp-content\/uploads\/2021\/01\/logo.png\",\"width\":273,\"height\":100,\"caption\":\"Chea Laurette Auto-Ecole\"},\"image\":{\"@id\":\"https:\/\/proxygen-informatique.fr\/chezlaurette\/#\/schema\/logo\/image\/\"}}]}<\/script>\n<!-- \/ Yoast SEO plugin. -->","yoast_head_json":{"title":"Qui sommes-nous ? - Chez-Laurette Auto-Ecole","robots":{"index":"index","follow":"follow","max-snippet":"max-snippet:-1","max-image-preview":"max-image-preview:large","max-video-preview":"max-video-preview:-1"},"canonical":"http:\/\/proxygen-informatique.fr\/chezlaurette\/who-is\/","og_locale":"fr_FR","og_type":"article","og_title":"Qui sommes-nous ? - Chez-Laurette Auto-Ecole","og_description":"A Propos de notre \u00e9cole Le\u00e7ons de conduite, abordables, professionnelles et d\u00e9tendues ! L&#8217;\u00e9cole de conduite Chez Laurette Auto-Ecole a con\u00e7u des cours en pensant aux \u00e9tudiants occup\u00e9s. Nous avons un syst\u00e8me de cours tr\u00e8s flexible qui permet aux \u00e9tudiants de suivre les cours dans l&#8217;ordre de leur choix et \u00e0 leur propre rythme. Nous [&hellip;]","og_url":"http:\/\/proxygen-informatique.fr\/chezlaurette\/who-is\/","og_site_name":"Chez-Laurette Auto-Ecole","article_modified_time":"2022-05-04T14:57:44+00:00","og_image":[{"url":"http:\/\/proxygen-informatique.fr\/chezlaurette\/wp-content\/uploads\/2017\/10\/img-01.jpg"}],"twitter_card":"summary_large_image","twitter_misc":{"Dur\u00e9e de lecture estim\u00e9e":"2 minutes"},"schema":{"@context":"https:\/\/schema.org","@graph":[{"@type":"WebPage","@id":"http:\/\/proxygen-informatique.fr\/chezlaurette\/who-is\/","url":"http:\/\/proxygen-informatique.fr\/chezlaurette\/who-is\/","name":"Qui sommes-nous ? - Chez-Laurette Auto-Ecole","isPartOf":{"@id":"https:\/\/proxygen-informatique.fr\/chezlaurette\/#website"},"datePublished":"2021-01-26T09:15:15+00:00","dateModified":"2022-05-04T14:57:44+00:00","breadcrumb":{"@id":"http:\/\/proxygen-informatique.fr\/chezlaurette\/who-is\/#breadcrumb"},"inLanguage":"fr-FR","potentialAction":[{"@type":"ReadAction","target":["http:\/\/proxygen-informatique.fr\/chezlaurette\/who-is\/"]}]},{"@type":"BreadcrumbList","@id":"http:\/\/proxygen-informatique.fr\/chezlaurette\/who-is\/#breadcrumb","itemListElement":[{"@type":"ListItem","position":1,"name":"Home","item":"https:\/\/proxygen-informatique.fr\/chezlaurette\/"},{"@type":"ListItem","position":2,"name":"Qui sommes-nous ?"}]},{"@type":"WebSite","@id":"https:\/\/proxygen-informatique.fr\/chezlaurette\/#website","url":"https:\/\/proxygen-informatique.fr\/chezlaurette\/","name":"Chez-Laurette Auto-Ecole","description":"","publisher":{"@id":"https:\/\/proxygen-informatique.fr\/chezlaurette\/#organization"},"potentialAction":[{"@type":"SearchAction","target":{"@type":"EntryPoint","urlTemplate":"https:\/\/proxygen-informatique.fr\/chezlaurette\/?s={search_term_string}"},"query-input":"required name=search_term_string"}],"inLanguage":"fr-FR"},{"@type":"Organization","@id":"https:\/\/proxygen-informatique.fr\/chezlaurette\/#organization","name":"Chea Laurette Auto-Ecole","url":"https:\/\/proxygen-informatique.fr\/chezlaurette\/","logo":{"@type":"ImageObject","inLanguage":"fr-FR","@id":"https:\/\/proxygen-informatique.fr\/chezlaurette\/#\/schema\/logo\/image\/","url":"https:\/\/proxygen-informatique.fr\/chezlaurette\/wp-content\/uploads\/2021\/01\/logo.png","contentUrl":"https:\/\/proxygen-informatique.fr\/chezlaurette\/wp-content\/uploads\/2021\/01\/logo.png","width":273,"height":100,"caption":"Chea Laurette Auto-Ecole"},"image":{"@id":"https:\/\/proxygen-informatique.fr\/chezlaurette\/#\/schema\/logo\/image\/"}}]}},"_links":{"self":[{"href":"http:\/\/proxygen-informatique.fr\/chezlaurette\/wp-json\/wp\/v2\/pages\/77"}],"collection":[{"href":"http:\/\/proxygen-informatique.fr\/chezlaurette\/wp-json\/wp\/v2\/pages"}],"about":[{"href":"http:\/\/proxygen-informatique.fr\/chezlaurette\/wp-json\/wp\/v2\/types\/page"}],"author":[{"embeddable":true,"href":"http:\/\/proxygen-informatique.fr\/chezlaurette\/wp-json\/wp\/v2\/users\/1"}],"replies":[{"embeddable":true,"href":"http:\/\/proxygen-informatique.fr\/chezlaurette\/wp-json\/wp\/v2\/comments?post=77"}],"version-history":[{"count":45,"href":"http:\/\/proxygen-informatique.fr\/chezlaurette\/wp-json\/wp\/v2\/pages\/77\/revisions"}],"predecessor-version":[{"id":2702,"href":"http:\/\/proxygen-informatique.fr\/chezlaurette\/wp-json\/wp\/v2\/pages\/77\/revisions\/2702"}],"wp:attachment":[{"href":"http:\/\/proxygen-informatique.fr\/chezlaurette\/wp-json\/wp\/v2\/media?parent=77"}],"curies":[{"name":"wp","href":"https:\/\/api.w.org\/{rel}","templated":true}]}}